{"id":118,"date":"2011-03-08T16:34:30","date_gmt":"2011-03-08T16:34:30","guid":{"rendered":"http:\/\/saaleschwimmerhalle.de\/?page_id=118"},"modified":"2013-02-23T20:47:15","modified_gmt":"2013-02-23T19:47:15","slug":"geschichte-des-saaleschwimmens","status":"publish","type":"page","link":"https:\/\/saaleschwimmerhalle.de\/?page_id=118","title":{"rendered":"Geschichte"},"content":{"rendered":"<p><strong>Zur Geschichte des Saaleschwimmens:<\/strong><\/p>\n<p>Die Gebr\u00fcder Eichendorff schwammen am 22.08.1805 um 17:00 Uhr von der Schleuse Gimritzer Wehr unter Aufsicht der Salzwirkerbr\u00fcderschaft im Thale zu Halle (der Halloren) bis zur Schleuse in Trotha.<\/p>\n<p>Der vielfach ger\u00fchmte Einsatz der Halloren als Aufsicht-und Rettungskr\u00e4fte und als Schwimmerlehrer bewog den namenhaften P\u00e4dagogen Johann Friedrich Guthsmuts, deren Schwimmk\u00f6nnen in seinem &#8222;Kleinen Lehrbuch der Schwimmkunst&#8220; besonders hervorzuheben.<\/p>\n<p>Selbst Goethe, der die hallischen Verh\u00e4ltnisse gut kannte, sagte in einem Gespr\u00e4ch \u00fcber Napoleon im Jahre 1810 bei einer abendlichen Tischrunde: &#8220; Keiner hat Ursache, sich gegen den Gr\u00f6\u00dften gering zu achten. Denn wenn der gr\u00f6\u00dfte ins Wasser f\u00e4llt und nicht schwimmen kann, so zieht ihn der \u00e4rmste Hallore heraus&#8220;<\/p>\n<p>&#8222;Gut Na\u00df, Hurra!&#8220; So klang es oft an den Ufern der Saale, wenn sich die Schwimmer des Schwimmvereins Schwan, des sp\u00e4teren Halleschen Schwimmvereins von 1902 e.V., trafen. Besonders Langstreckenschwimmen, z. B. am 19. August 1906 von der Gimritzer Schleuse bis nach Trotha, waren ihre Spezialit\u00e4ten. Der Sieger des 1. Nationalen- 3000m-Wettschwimmen war der \u201eSchwan\u201c Johannes Teller. &#8222;Wie schwamm es sich doch herrlich im freien Strome, in dem sich die Sonne spiegelte, und dessen Wellen silbern gl\u00e4nzten. Stundenlang schwamm man; wer keine Lust mehr hatte, wurde vom Handkahn aufgefischt und in der Gondel verstaut.&#8220;<\/p>\n<p>Unter anderen trafen sich die Schw\u00e4ne an freien Sonntagen gern zum Tanze auf der Rabeninsel. Die ziegelrot gebrannten J\u00fcnglinge erregten da vielfach Aufsehen. Sie stachen da mit ihren gesunden Aussehen gegen die ausschlie\u00dflich das Tanzbein schwingenden Insulaner vorteilhaft ab, was nicht zuletzt die holde Weiblichkeit empfinden mochte.<\/p>\n<p>Wi\u00dft ihr wo Halle liegt? Halle liegt im Tale. Da sind sch\u00f6ne Jungfraun drin und Nixen in der Saale. (alter Studentenspruch)<\/p>\n<p>\u201eDie Hallenser Saaleschwimmer m\u00f6chten ihren Fluss zur\u00fcckerobern\u201c<\/p>\n<p>In Vorbereitung des 4. Internationalen Saaleschwimmens trafen sich regelm\u00e4\u00dfig ca. 16 bis 20 Saalefans zum Saaleschnupperschwimmen. Daraus entwickelte sich ein regelm\u00e4\u00dfiges Schwimmen in der Saale und die Vereinsgr\u00fcndung der Saaleschwimmer Halle e. V.<\/p>\n<p>Die Vereinsgr\u00fcndung wurde am 20.10.2010 auf der Schiffsgastst\u00e4tte \u201cMaria Hedwig\u201d am Riveufer an der Saale vollzogen. Zur Vereinsgr\u00fcndung waren 9 Mitglieder gekommen.\u00a0Zur Zeit sind insgesamt 12 Mitglieder eingetragen.\u00a0 Bei herrlichen Ambiente, angeregter Diskussion und einen Glas Bier und Bauernfr\u00fchst\u00fcck wurde die Gr\u00fcndungsversammlung abgeschlossen.<\/p>\n<p>Am 24.01.wurde der\u00a0 Verein Saaleschwimmer Halle e. V im Vereinsregister mit der Nr. VR 2611 eingetragen.<\/p>\n<p>Wir Saaleschwimmer m\u00f6chten zeigen, dass man wieder in der Saale schwimmen kann. Die Hallenser erinnern sich zu sehr an das stinkende Saalewasser zu DDR-Zeiten und die wei\u00dfen Schaumkronen, dieses durch die Einleitung ungereinigter Industrieabw\u00e4sser hervorgerufen wurden.<\/p>\n<p><strong>\u201eDiese Bilder sollten endlich aus den K\u00f6pfen verschwinden\u201c<\/strong><\/p>\n<div id=\"attachment_3969\" style=\"width: 718px\" class=\"wp-caption alignleft\"><a href=\"http:\/\/saaleschwimmerhalle.de\/?attachment_id=3969\" rel=\"attachment wp-att-3969\"><img loading=\"lazy\" decoding=\"async\" aria-describedby=\"caption-attachment-3969\" class=\"size-full wp-image-3969 \" alt=\"Schaumkronen an der B\u00f6llberger M\u00fchle\" src=\"http:\/\/saaleschwimmerhalle.de\/wp-content\/uploads\/2011\/03\/Schaumkronen-an-der-B\u00f6llberger-M\u00fchle.jpg\" width=\"708\" height=\"698\" \/><\/a><p id=\"caption-attachment-3969\" class=\"wp-caption-text\">Foto: Dieter Kudlek<\/p><\/div>\n<p>&nbsp;<\/p>\n<div id=\"attachment_3965\" style=\"width: 707px\" class=\"wp-caption alignleft\"><a href=\"http:\/\/saaleschwimmerhalle.de\/?attachment_id=3965\" rel=\"attachment wp-att-3965\"><img loading=\"lazy\" decoding=\"async\" aria-describedby=\"caption-attachment-3965\" class=\"size-full wp-image-3965\" alt=\"Schaumberg  bei Buna\" src=\"http:\/\/saaleschwimmerhalle.de\/wp-content\/uploads\/2011\/03\/Schaumberg-bei-Buna.jpg\" width=\"697\" height=\"568\" srcset=\"https:\/\/saaleschwimmerhalle.de\/wp-content\/uploads\/2011\/03\/Schaumberg-bei-Buna.jpg 833w, https:\/\/saaleschwimmerhalle.de\/wp-content\/uploads\/2011\/03\/Schaumberg-bei-Buna-300x244.jpg 300w\" sizes=\"auto, (max-width: 697px) 100vw, 697px\" \/><\/a><p id=\"caption-attachment-3965\" class=\"wp-caption-text\">Foto: Steffen K\u00f6nau<\/p><\/div>\n<p>Die Saale erhielt 1990 der Fluss das Pr\u00e4dikat &#8222;stark verschmutzt&#8220; (Klasse IV), so konnte die Saale 1995 ihre Sauberkeits-Noten weiter verbessern. Sie erreichte die Klasse III &#8222;kritisch belastet&#8220;. Ab 2000 sei das Gew\u00e4sser nur noch als &#8222;m\u00e4\u00dfig belastet&#8220; (Klasse II) eingestuft worden. &#8222;Und jetzt, nach EU-Klassifizierung&#8220;, befindet sich die Saale sogar ein einem chemisch guten Zustand&#8220;. Und die Wasserqualit\u00e4t verbessert sich weiter.<\/p>\n<p><strong>Baden sei von der Wasserqualit\u00e4t her aber bereits gesundheitlich unbedenklich.<\/strong><\/p>\n<p><span style=\"color: #0000ff;\"><strong>\u00a0\u00a0\u00a0\u00a0\u00a0\u00a0\u00a0\u00a0\u00a0\u00a0\u00a0\u00a0\u00a0\u00a0\u00a0\u00a0\u00a0\u00a0\u00a0\u00a0\u00a0\u00a0\u00a0\u00a0\u00a0\u00a0\u00a0\u00a0\u00a0\u00a0\u00a0\u00a0\u00a0\u00a0\u00a0\u00a0\u00a0\u00a0\u00a0\u00a0\u00a0\u00a0\u00a0\u00a0\u00a0\u00a0\u00a0\u00a0\u00a0\u00a0\u00a0\u00a0\u00a0\u00a0\u00a0\u00a0\u00a0 Gut Nass hurra!!!<\/strong><\/span><\/p>\n","protected":false},"excerpt":{"rendered":"<p>Zur Geschichte des Saaleschwimmens: Die Gebr\u00fcder Eichendorff schwammen am 22.08.1805 um 17:00 Uhr von der Schleuse Gimritzer Wehr unter Aufsicht der Salzwirkerbr\u00fcderschaft im Thale zu Halle (der Halloren) bis zur Schleuse in Trotha. Der vielfach ger\u00fchmte Einsatz der Halloren als Aufsicht-und Rettungskr\u00e4fte und als Schwimmerlehrer bewog den namenhaften P\u00e4dagogen Johann Friedrich Guthsmuts, deren Schwimmk\u00f6nnen in [&hellip;]<\/p>\n","protected":false},"author":1,"featured_media":0,"parent":26,"menu_order":10,"comment_status":"open","ping_status":"open","template":"","meta":{"footnotes":""},"class_list":["post-118","page","type-page","status-publish","hentry"],"_links":{"self":[{"href":"https:\/\/saaleschwimmerhalle.de\/index.php?rest_route=\/wp\/v2\/pages\/118","targetHints":{"allow":["GET"]}}],"collection":[{"href":"https:\/\/saaleschwimmerhalle.de\/index.php?rest_route=\/wp\/v2\/pages"}],"about":[{"href":"https:\/\/saaleschwimmerhalle.de\/index.php?rest_route=\/wp\/v2\/types\/page"}],"author":[{"embeddable":true,"href":"https:\/\/saaleschwimmerhalle.de\/index.php?rest_route=\/wp\/v2\/users\/1"}],"replies":[{"embeddable":true,"href":"https:\/\/saaleschwimmerhalle.de\/index.php?rest_route=%2Fwp%2Fv2%2Fcomments&post=118"}],"version-history":[{"count":0,"href":"https:\/\/saaleschwimmerhalle.de\/index.php?rest_route=\/wp\/v2\/pages\/118\/revisions"}],"up":[{"embeddable":true,"href":"https:\/\/saaleschwimmerhalle.de\/index.php?rest_route=\/wp\/v2\/pages\/26"}],"wp:attachment":[{"href":"https:\/\/saaleschwimmerhalle.de\/index.php?rest_route=%2Fwp%2Fv2%2Fmedia&parent=118"}],"curies":[{"name":"wp","href":"https:\/\/api.w.org\/{rel}","templated":true}]}}