{"id":14479,"date":"2022-11-17T16:43:46","date_gmt":"2022-11-17T15:43:46","guid":{"rendered":"https:\/\/saaleschwimmerhalle.de\/?page_id=14479"},"modified":"2022-11-24T16:27:10","modified_gmt":"2022-11-24T15:27:10","slug":"die-saalenixe","status":"publish","type":"page","link":"https:\/\/saaleschwimmerhalle.de\/?page_id=14479","title":{"rendered":"&#8222;Die Saalenixe&#8220;"},"content":{"rendered":"<div id=\"content\">\n<div id=\"post-14427\" class=\"stick-post-not post-14427 post type-post status-publish format-standard hentry category-openwater\">\n<div class=\"entry-content\">\n<p style=\"text-align: center;\">\u201eDie Saalenixe\u201c<\/p>\n<div class=\"entry-content\">\n<p><strong>Die Saalenixe wird zum Tourismusmagnet in Halle am Saalestrand auf der Ziegelwiese !!!<\/strong><\/p>\n<p>Sehr geehrte Damen und Herren werte Saale-und Kunstliebhaber.<\/p>\n<p>Nach heftiger Diskussion im Stadtrat ist der Weg frei die Skulptur am Saalestrand auf zustellen !<\/p>\n<p><strong>Stadtratsbeschluss vom 26.10.2022:<\/strong><\/p>\n<p>Antrag der Fraktion B\u00dcNDNIS 90\/DIE GR\u00dcNEN zur Aufstellung von Kunstwerken am Saalestrand auf der Ziegelwiese Auf Antrag von Gr\u00fcnen und Linken soll es ein Expertengremium geben, dass sein Votum f\u00fcr Kunstwerke im \u00f6ffentlichen Raum abgibt. Im Kern geht es um die Saalenixe, die Bildhauer Klaus-Dieter Gerlang aufstellen will.<\/p>\n<p>Sie wolle die langwierige Debatte aus dem Kulturausschuss ersparen, sagte In\u00e9s Brock-Harder (Gr\u00fcne). Experten sollen f\u00fcr die \u00e4sthetische Gestaltung im \u00f6ffentlichen Raum zust\u00e4ndig sein und nicht pers\u00f6nliches empfinden, meinte sie.<\/p>\n<p>Ulrike W\u00fcnscher (CDU) sprach von einer \u00dcberregulierung. \u201eDie Fl\u00e4che, um die es hier geht, ist nicht st\u00e4dtisch verwaltet.\u201c Kulturdezernentin Judith Marquardt hat sich bereits mit Vertretern des Wasser- und Schifffahrtsamtes getroffen. Der Bildhauer selbst hat die Fl\u00e4che gepachtet und dort bereits sieben Kunstwerke stehen. Sven Thomas (Hauptsache Halle) sagte, die Kunstfreiheit solle offenbar eingeschr\u00e4nkt werden. Er k\u00f6nne sich zwar auch eine sch\u00f6nere Nixe vorstellen. \u201eIch bin aber bereit, in der heutigen Zeit auch Nixen zu akzeptieren, dich nicht so sch\u00f6n sin.\u201c Thomas hob auch die zahlreiche Verdienste Gerlangs hervor, beispielsweise um das Saaleschwimmen. Eine Kommission sei f\u00fcr ihn eine politische Einflussnahme.<\/p>\n<p>\u201eWenn es darum geht, im \u00f6ffentlichen Raum Kunstwerke zu pr\u00e4sentieren, sollten wir Kriterien festlegen\u201c, sagte Christian Feigl (Gr\u00fcne). Es habe mit Einschr\u00e4nkung von Kunstfreiheit nichts zu tun. Jeder k\u00f6nne herstellen, was er wolle. Doch f\u00fcr die Pr\u00e4sentation im \u00f6ffentlichen Raum sollte man klare Regeln aufstellen. Auch das Wasser- und Schifffahrtsamt sei eine \u00f6ffentliche Einrichtung. \u201eWas wollen wir uns in den \u00f6ffentlichen Raum stellen?\u201c<\/p>\n<p>Politik habe nicht in Kunst reinzupfuschen, meinte Katja M\u00fcller (Linke), aus diesem Grund solle es auch ein Expertengremium sein. \u201eAuch ein \u00e4lterer Herr, der Verdienste um die Stadt hat, soll sich \u00fcberlegen, was er zu seiner Kunst in die Stadt herausposaunt\u201c, so M\u00fcller. Damit sprach sie an, dass Gerlang gesagt hatte, wer der Nixe unter die Brust fast, hat Gl\u00fcck.<\/p>\n<p>\u201ePrivateigentum ist ein hohes Gut\u201c, sagte Ulrike W\u00fcnscher (CDU), \u201eda haben wir nicht einzugreifen.\u201c Au\u00dferdem habe es auch keine Debatte um das Herz gegeben, dass mitten auf dem Marktplatz steht.<\/p>\n<p>Die in Frage stehende Fl\u00e4che sei gar nicht \u00f6ffentlich gewidmet, erkl\u00e4rte Johannes Menke (Freie W\u00e4hler), der Antrag sei deshalb auch gar nicht zul\u00e4ssig. \u201eWir sollten wegkommen von den ganzen ideologischen Verbr\u00e4mungen.\u201c<\/p>\n<p>Kunstwerke, die in den \u00f6ffentlichen Raum hineinwirken, br\u00e4uchten eine Begutachtung, warb Kay Senius (SPD) f\u00fcr das Expertengremium.<\/p>\n<p>Offenbar wollen die Antragsteller nicht akzeptieren, dass es R\u00e4ume gibt, wo sie nichts zu entscheiden haben, sagte Carsten Heym (AfD). Sie wollen nun erreichen, dass auch diese R\u00e4ume so aussehen, wie die Antragsteller es gern h\u00e4tten. Au\u00dferdem bef\u00fcrchtet er eine Diskussion um die Zusammensetzung eines Expertengremiums. Geschmack sei individuell.<\/p>\n<p>\u201eZum Gl\u00fcck leben wir in einer Demokratie\u201c, meinte Andreas Heinrich (AfD). Er schimpfte \u00fcber die \u201eNachfolger der kommunistischen Diktatur und deren Statthalter im Stadtrat.\u201c<\/p>\n<p>Das Rechtsamt verweist auf Grundgesetz, Kommunalverfassungsgesetz und Landesrecht. Auch sei das Ziel des Antrag nicht klar. Man k\u00f6nne dem Privaten nur W\u00fcnsche darlegen, aber wenn dieser nicht n\u00f6chte, gebe es keine M\u00f6glichkeit.<\/p>\n<p><strong>Antrag ist abgelehnt: 19 Ja, 22 Nein, 3 Enthaltungen<\/strong><\/p>\n<p>Die Skulptur \u201eDer Saaleschwimmer\u201c wurde vom Saaleschwimmer Klaus-Dieter Gerlang als Gipsmodell geschaffen!<\/p>\n<p>Nach heftiger Disskussion\u00a0 soll jetzt die Skulptur \u201eDie Saalenixe\u201c aus Bronze\u00a0 in einer Kunstgussgie\u00dferei gegossen werden. Die Skulptur wird auf einem Sandstein in Form einer Welle montiert! Anschlie\u00dfend soll die Skulptur am Saalestrand mit der Genehmigung des Wasserstrassen-und Schifffahrtsamt aufgestellt werden.<\/p>\n<p>Leider sind die finanziellen M\u00f6glichkeiten des Vereins \u201eSaaleschwimmer Halle e. V. \u201e sehr begrenzt.<\/p>\n<p>Der Verein \u201eSaaleschwimmer Halle e. V.\u201c ruft alle Hallenser auf, die sich von der Idee und einem Kunstverst\u00e4ndnis inspirieren lassen, sich mit einer Spende zu beteiligen!<\/p>\n<p>Die Kosten f\u00fcr den Abguss betragen<strong> ca. 12.000 \u20ac.<\/strong> Bei Eigenleistungen\u00a0k\u00f6nnen die Kosten reduziert werden.<\/p>\n<p>\u00dcber eine Spende w\u00fcrden wir uns sehr freuen:<\/p>\n<p><strong>Saaleschwimmer Halle e.V.<\/strong><\/p>\n<p><strong>Saalesparkasse<\/strong><\/p>\n<p><strong>IBAN: DE96 8005 3762 1894 0951 00<br \/>\n<\/strong><\/p>\n<p><strong>BIC: NOLADE21HAL<\/strong><\/p>\n<p><strong>.\u00a0 Kennwort \u201eSpende-Die Saalenixe\u201c<\/strong><\/p>\n<p><a href=\"https:\/\/saaleschwimmerhalle.de\/?attachment_id=14487\" rel=\"attachment wp-att-14487\"><img loading=\"lazy\" decoding=\"async\" class=\"wp-image-14487 alignleft\" src=\"https:\/\/saaleschwimmerhalle.de\/wp-content\/uploads\/2022\/11\/Nixe-Saalestrand-300x199.jpg\" alt=\"\" width=\"484\" height=\"321\" srcset=\"https:\/\/saaleschwimmerhalle.de\/wp-content\/uploads\/2022\/11\/Nixe-Saalestrand-300x199.jpg 300w, https:\/\/saaleschwimmerhalle.de\/wp-content\/uploads\/2022\/11\/Nixe-Saalestrand-1024x680.jpg 1024w, https:\/\/saaleschwimmerhalle.de\/wp-content\/uploads\/2022\/11\/Nixe-Saalestrand-100x66.jpg 100w, https:\/\/saaleschwimmerhalle.de\/wp-content\/uploads\/2022\/11\/Nixe-Saalestrand-768x510.jpg 768w, https:\/\/saaleschwimmerhalle.de\/wp-content\/uploads\/2022\/11\/Nixe-Saalestrand-1536x1020.jpg 1536w, https:\/\/saaleschwimmerhalle.de\/wp-content\/uploads\/2022\/11\/Nixe-Saalestrand-2048x1360.jpg 2048w\" sizes=\"auto, (max-width: 484px) 100vw, 484px\" \/><\/a><\/p>\n<p><a href=\"https:\/\/saaleschwimmerhalle.de\/?attachment_id=14428\" rel=\"attachment wp-att-14428\" data-slb-active=\"1\" data-slb-asset=\"571587123\" data-slb-internal=\"14428\" data-slb-group=\"14427\"><img loading=\"lazy\" decoding=\"async\" class=\"wp-image-14428 alignleft\" src=\"https:\/\/saaleschwimmerhalle.de\/wp-content\/uploads\/2022\/10\/IMG_0125-225x300.jpg\" sizes=\"auto, (max-width: 430px) 100vw, 430px\" srcset=\"https:\/\/saaleschwimmerhalle.de\/wp-content\/uploads\/2022\/10\/IMG_0125-225x300.jpg 225w, https:\/\/saaleschwimmerhalle.de\/wp-content\/uploads\/2022\/10\/IMG_0125-768x1024.jpg 768w, https:\/\/saaleschwimmerhalle.de\/wp-content\/uploads\/2022\/10\/IMG_0125-75x100.jpg 75w, https:\/\/saaleschwimmerhalle.de\/wp-content\/uploads\/2022\/10\/IMG_0125-1152x1536.jpg 1152w, https:\/\/saaleschwimmerhalle.de\/wp-content\/uploads\/2022\/10\/IMG_0125-rotated.jpg 1512w\" alt=\"\" width=\"481\" height=\"641\" \/><\/a><\/p>\n<p><a href=\"https:\/\/saaleschwimmerhalle.de\/?attachment_id=14434\" rel=\"attachment wp-att-14434\" data-slb-active=\"1\" data-slb-asset=\"1342314419\" data-slb-internal=\"14434\" data-slb-group=\"14427\"><img loading=\"lazy\" decoding=\"async\" class=\"wp-image-14434 alignleft\" src=\"https:\/\/saaleschwimmerhalle.de\/wp-content\/uploads\/2022\/10\/IMG_0057-3-300x247.jpg\" sizes=\"auto, (max-width: 427px) 100vw, 427px\" srcset=\"https:\/\/saaleschwimmerhalle.de\/wp-content\/uploads\/2022\/10\/IMG_0057-3-300x247.jpg 300w, https:\/\/saaleschwimmerhalle.de\/wp-content\/uploads\/2022\/10\/IMG_0057-3-1024x843.jpg 1024w, https:\/\/saaleschwimmerhalle.de\/wp-content\/uploads\/2022\/10\/IMG_0057-3-100x82.jpg 100w, https:\/\/saaleschwimmerhalle.de\/wp-content\/uploads\/2022\/10\/IMG_0057-3-768x632.jpg 768w, https:\/\/saaleschwimmerhalle.de\/wp-content\/uploads\/2022\/10\/IMG_0057-3-1536x1264.jpg 1536w, https:\/\/saaleschwimmerhalle.de\/wp-content\/uploads\/2022\/10\/IMG_0057-3-2048x1685.jpg 2048w\" alt=\"\" width=\"482\" height=\"396\" \/><\/a><\/p>\n<p><a href=\"https:\/\/saaleschwimmerhalle.de\/?attachment_id=14469\" rel=\"attachment wp-att-14469\" data-slb-active=\"1\" data-slb-asset=\"3602474909\" data-slb-internal=\"14469\" data-slb-group=\"14427\"><img loading=\"lazy\" decoding=\"async\" class=\"wp-image-14469 alignleft\" src=\"https:\/\/saaleschwimmerhalle.de\/wp-content\/uploads\/2022\/10\/IMG_0850-300x225.jpg\" sizes=\"auto, (max-width: 439px) 100vw, 439px\" srcset=\"https:\/\/saaleschwimmerhalle.de\/wp-content\/uploads\/2022\/10\/IMG_0850-300x225.jpg 300w, https:\/\/saaleschwimmerhalle.de\/wp-content\/uploads\/2022\/10\/IMG_0850-1024x768.jpg 1024w, https:\/\/saaleschwimmerhalle.de\/wp-content\/uploads\/2022\/10\/IMG_0850-100x75.jpg 100w, https:\/\/saaleschwimmerhalle.de\/wp-content\/uploads\/2022\/10\/IMG_0850-768x576.jpg 768w, https:\/\/saaleschwimmerhalle.de\/wp-content\/uploads\/2022\/10\/IMG_0850-1536x1152.jpg 1536w, https:\/\/saaleschwimmerhalle.de\/wp-content\/uploads\/2022\/10\/IMG_0850-2048x1536.jpg 2048w\" alt=\"\" width=\"482\" height=\"361\" \/><\/a><\/p>\n<p><a href=\"https:\/\/saaleschwimmerhalle.de\/?attachment_id=14470\" rel=\"attachment wp-att-14470\" data-slb-active=\"1\" data-slb-asset=\"3684885829\" data-slb-internal=\"14470\" data-slb-group=\"14427\"><img loading=\"lazy\" decoding=\"async\" class=\"wp-image-14470 alignleft\" src=\"https:\/\/saaleschwimmerhalle.de\/wp-content\/uploads\/2022\/10\/IMG_0852-225x300.jpg\" sizes=\"auto, (max-width: 441px) 100vw, 441px\" srcset=\"https:\/\/saaleschwimmerhalle.de\/wp-content\/uploads\/2022\/10\/IMG_0852-225x300.jpg 225w, https:\/\/saaleschwimmerhalle.de\/wp-content\/uploads\/2022\/10\/IMG_0852-768x1024.jpg 768w, https:\/\/saaleschwimmerhalle.de\/wp-content\/uploads\/2022\/10\/IMG_0852-75x100.jpg 75w, https:\/\/saaleschwimmerhalle.de\/wp-content\/uploads\/2022\/10\/IMG_0852-1152x1536.jpg 1152w, https:\/\/saaleschwimmerhalle.de\/wp-content\/uploads\/2022\/10\/IMG_0852-1536x2048.jpg 1536w, https:\/\/saaleschwimmerhalle.de\/wp-content\/uploads\/2022\/10\/IMG_0852-scaled.jpg 1920w\" alt=\"\" width=\"479\" height=\"639\" \/><\/a><\/p>\n<\/div>\n<div class=\"entry-content\">\n<p style=\"text-align: center;\">Sie k\u00f6nnen uns auch Ihre Meinung an folgende E-Mail Adresse mitteilen:\u00a0\u00a0 info@saaleschwimmerhalle.de<\/p>\n<\/div>\n<\/div>\n<\/div>\n<div class=\"fixed\"><\/div>\n<\/div>\n<div id=\"primary\" class=\"sidebar\">\n<div align=\"center\"><\/div>\n<\/div>\n","protected":false},"excerpt":{"rendered":"<p>\u201eDie Saalenixe\u201c Die Saalenixe wird zum Tourismusmagnet in Halle am Saalestrand auf der Ziegelwiese !!! Sehr geehrte Damen und Herren werte Saale-und Kunstliebhaber. Nach heftiger Diskussion im Stadtrat ist der Weg frei die Skulptur am Saalestrand auf zustellen ! Stadtratsbeschluss vom 26.10.2022: Antrag der Fraktion B\u00dcNDNIS 90\/DIE GR\u00dcNEN zur Aufstellung von Kunstwerken am Saalestrand auf [&hellip;]<\/p>\n","protected":false},"author":2,"featured_media":0,"parent":0,"menu_order":800,"comment_status":"closed","ping_status":"closed","template":"","meta":{"footnotes":""},"class_list":["post-14479","page","type-page","status-publish","hentry"],"_links":{"self":[{"href":"https:\/\/saaleschwimmerhalle.de\/index.php?rest_route=\/wp\/v2\/pages\/14479","targetHints":{"allow":["GET"]}}],"collection":[{"href":"https:\/\/saaleschwimmerhalle.de\/index.php?rest_route=\/wp\/v2\/pages"}],"about":[{"href":"https:\/\/saaleschwimmerhalle.de\/index.php?rest_route=\/wp\/v2\/types\/page"}],"author":[{"embeddable":true,"href":"https:\/\/saaleschwimmerhalle.de\/index.php?rest_route=\/wp\/v2\/users\/2"}],"replies":[{"embeddable":true,"href":"https:\/\/saaleschwimmerhalle.de\/index.php?rest_route=%2Fwp%2Fv2%2Fcomments&post=14479"}],"version-history":[{"count":0,"href":"https:\/\/saaleschwimmerhalle.de\/index.php?rest_route=\/wp\/v2\/pages\/14479\/revisions"}],"wp:attachment":[{"href":"https:\/\/saaleschwimmerhalle.de\/index.php?rest_route=%2Fwp%2Fv2%2Fmedia&parent=14479"}],"curies":[{"name":"wp","href":"https:\/\/api.w.org\/{rel}","templated":true}]}}