{"id":19,"date":"2011-03-07T08:52:22","date_gmt":"2011-03-07T08:52:22","guid":{"rendered":"http:\/\/saaleschwimmerhalle.de\/?page_id=19"},"modified":"2026-01-28T10:36:28","modified_gmt":"2026-01-28T09:36:28","slug":"ausschreibung","status":"publish","type":"page","link":"https:\/\/saaleschwimmerhalle.de\/?page_id=19","title":{"rendered":"Ausschreibung 2026"},"content":{"rendered":"<p><a href=\"https:\/\/saaleschwimmerhalle.de\/?attachment_id=16544\" rel=\"attachment wp-att-16544\"><img loading=\"lazy\" decoding=\"async\" class=\"aligncenter size-large wp-image-16544\" src=\"https:\/\/saaleschwimmerhalle.de\/wp-content\/uploads\/2025\/08\/Sicherungskopie_von_Flyer-2026-S1-1024x506.jpg\" alt=\"\" width=\"1024\" height=\"506\" srcset=\"https:\/\/saaleschwimmerhalle.de\/wp-content\/uploads\/2025\/08\/Sicherungskopie_von_Flyer-2026-S1-1024x506.jpg 1024w, https:\/\/saaleschwimmerhalle.de\/wp-content\/uploads\/2025\/08\/Sicherungskopie_von_Flyer-2026-S1-300x148.jpg 300w, https:\/\/saaleschwimmerhalle.de\/wp-content\/uploads\/2025\/08\/Sicherungskopie_von_Flyer-2026-S1-100x49.jpg 100w, https:\/\/saaleschwimmerhalle.de\/wp-content\/uploads\/2025\/08\/Sicherungskopie_von_Flyer-2026-S1-768x379.jpg 768w, https:\/\/saaleschwimmerhalle.de\/wp-content\/uploads\/2025\/08\/Sicherungskopie_von_Flyer-2026-S1-1536x758.jpg 1536w, https:\/\/saaleschwimmerhalle.de\/wp-content\/uploads\/2025\/08\/Sicherungskopie_von_Flyer-2026-S1-2048x1011.jpg 2048w\" sizes=\"auto, (max-width: 1024px) 100vw, 1024px\" \/><\/a><br \/>\n<a href=\"https:\/\/saaleschwimmerhalle.de\/?attachment_id=16546\" rel=\"attachment wp-att-16546\"><img loading=\"lazy\" decoding=\"async\" class=\"aligncenter size-large wp-image-16546\" src=\"https:\/\/saaleschwimmerhalle.de\/wp-content\/uploads\/2025\/08\/Flyer-2026-S2-1024x506.jpg\" alt=\"\" width=\"1024\" height=\"506\" srcset=\"https:\/\/saaleschwimmerhalle.de\/wp-content\/uploads\/2025\/08\/Flyer-2026-S2-1024x506.jpg 1024w, https:\/\/saaleschwimmerhalle.de\/wp-content\/uploads\/2025\/08\/Flyer-2026-S2-300x148.jpg 300w, https:\/\/saaleschwimmerhalle.de\/wp-content\/uploads\/2025\/08\/Flyer-2026-S2-100x49.jpg 100w, https:\/\/saaleschwimmerhalle.de\/wp-content\/uploads\/2025\/08\/Flyer-2026-S2-768x379.jpg 768w, https:\/\/saaleschwimmerhalle.de\/wp-content\/uploads\/2025\/08\/Flyer-2026-S2-1536x759.jpg 1536w, https:\/\/saaleschwimmerhalle.de\/wp-content\/uploads\/2025\/08\/Flyer-2026-S2-2048x1012.jpg 2048w\" sizes=\"auto, (max-width: 1024px) 100vw, 1024px\" \/><\/a><\/p>\n<p><strong>Einladung zum 20. Saaleschwimmen in Halle\/Saale am 11.07.2026<\/strong><\/p>\n<p><strong>Start:<\/strong> 14.00 Uhr Saalestrand an der Ziegelwiese<br \/>\n<strong>Ziel:<\/strong>\u00a0Klausberge an der Emil-Eichhornstrasse<br \/>\n<strong>Strecke:<\/strong> circa 1,5km (Schwimmzeit 25 \u2013 40 Minuten)<br \/>\n<strong>erlaubt:<\/strong>\u00a0Kost\u00fcm, Neoprenanzug oder Badebekleidung<\/p>\n<p>Teilnehmer jeden Alters sind herzlich willkommen, gemeinsam an den Start zu gehen, um die sch\u00f6nste Strecke der Saale in Halle und die sch\u00f6nen Uferbereiche beim gemeinsamen Schwimmen zu genie\u00dfen und entspannt im Ziel aus dem Wasser zu steigen. Wir verzichten auf\u00a0 Zeitnahme, Siegerehrung und setzen vielmehr auf Spa\u00df sowie pure Schwimmfreude im sch\u00f6nsten Fluss unserer Stadt!<\/p>\n<p><strong>Ablauf<\/strong><br \/>\nAnmeldung und Registrierung vor Ort ab 12:00 Uhr<br \/>\nEr\u00f6ffnung:\u00a013:00 Uhr Emil Eichhornstrasse Uferpromenade<br \/>\nAnschlie\u00dfend gemeinsames Laufen zum Startbereich am Saalestrand der Ziegelwiese.<\/p>\n<p><strong>Organisation<\/strong><br \/>\nJeder Starter verstaut am Startbereich seine Sachen (eigenes Handtuch, Schuhe, Kleidung&#8230;) in seiner selbst mitgebrachten Tasche oder Rucksack.\u00a0Dieses Gep\u00e4ck wird zum Ziel zur\u00fcck transportiert. Am Ziel steht eine Dusche zur Verf\u00fcgung.<\/p>\n<p><strong>Ziel<\/strong><br \/>\nEs warten traditionell Getr\u00e4nke, selbst gebackene Kuchen und Bratw\u00fcrstchen.<\/p>\n<p><span style=\"color: #ff6600;\"><strong>Jeder Teilnehmer erh\u00e4lt im Ziel ein Badehandtuch !<\/strong><\/span><\/p>\n<p>Alle Teilnehmer (v.a. Kinder) sollten sichere Schwimmer sein. Die Teilnahme erfolgt auf eigene Verantwortung.<\/p>\n<p>Unabh\u00e4ngig davon werden Helfer vom DRK Wasserwacht, der DLRG und eventuell der Wasserschutzpolizei das Saaleschwimmen begleiten. Zur Finanzierung insbesondere der Rettungskr\u00e4fte aber auch der Genehmigungsverfahren und der Verpflegung erbitten wir um eine <strong>Teilnehmergeb\u00fchr von 25\u20ac f\u00fcr Erwachsene und 10\u20ac f\u00fcr Kinder bis 14 Jahre<\/strong>.<\/p>\n<p>Der Verein der Saaleschwimmer hofft auf eine hohe Teilnehmerzahl um die Tradition des Saaleschwimmens aufrecht zu erhalten.<\/p>\n<p><strong><a href=\"https:\/\/saaleschwimmerhalle.de\/?page_id=16104\" target=\"self\">Anmeldung 20. Internationales Saaleschwimmen ab dem 1. Dezember 2025<\/a><\/strong><\/p>\n<p><strong>Bankverbindung<\/strong><br \/>\nSaaleschwimmer Halle e.V.<br \/>\nIBAN: DE96 8005 3762 1894 0951 00<br \/>\nBIC: NOLADE21HAL<br \/>\nKennwort: 20. Saaleschwimmen 2026<\/p>\n<p><strong>Ausrichter und Veranstalter<\/strong><br \/>\nSaaleschwimmer Halle e.V., Jamboler Str. 24, 06130 Halle\/Saale<br \/>\nTelefon 0160\/94415914, E-Mail: <a href=\"mailto:info@saaleschwimmerhalle.de\">info@saaleschwimmerhalle.de<\/a>, <a href=\"http:\/\/www.Saaleschwimmerhalle.de\">www.Saaleschwimmerhalle.de<\/a><br \/>\nKlaus-Dieter Gerlang, Vorsitzender Saaleschwimmer Halle e. V.<\/p>\n<p><strong>\u00dcbernachtungsm\u00f6glichkeiten<\/strong><br \/>\nCampingplatz-Nordbad, Am Nordbad 12, 06118 Halle,Telefon (0345) 581 738 60, <a href=\"https:\/\/baden-in-halle.de\/campingplatz\/campingplatz-nordbad\">https:\/\/baden-in-halle.de\/campingplatz\/campingplatz-nordbad<\/a> oder<br \/>\nDorint Hotel Charlottenhof Halle (Saale), Dorotheenstra\u00dfe 12, 06108 Halle (Saale), Telefon (0345) 29 23 602, <a href=\"https:\/\/service.gmx.net\/de\/cgi\/derefer?TYPE=3&amp;DEST=http%3A%2F%2Fwww.dorint.com%2Fhalle\">www.dorint.com\/halle<\/a><\/p>\n<p><img decoding=\"async\" class=\"aligncenter\" src=\"https:\/\/saaleschwimmerhalle.de\/wp-content\/uploads\/2024\/01\/Streckenplan-2024-scaled.jpg\" alt=\"\" width=\"100%\" height=\"auto\" \/><\/p>\n","protected":false},"excerpt":{"rendered":"<p>Einladung zum 20. Saaleschwimmen in Halle\/Saale am 11.07.2026 Start: 14.00 Uhr Saalestrand an der Ziegelwiese Ziel:\u00a0Klausberge an der Emil-Eichhornstrasse Strecke: circa 1,5km (Schwimmzeit 25 \u2013 40 Minuten) erlaubt:\u00a0Kost\u00fcm, Neoprenanzug oder Badebekleidung Teilnehmer jeden Alters sind herzlich willkommen, gemeinsam an den Start zu gehen, um die sch\u00f6nste Strecke der Saale in Halle und die sch\u00f6nen Uferbereiche [&hellip;]<\/p>\n","protected":false},"author":1,"featured_media":0,"parent":13,"menu_order":0,"comment_status":"open","ping_status":"open","template":"","meta":{"footnotes":""},"class_list":["post-19","page","type-page","status-publish","hentry"],"_links":{"self":[{"href":"https:\/\/saaleschwimmerhalle.de\/index.php?rest_route=\/wp\/v2\/pages\/19","targetHints":{"allow":["GET"]}}],"collection":[{"href":"https:\/\/saaleschwimmerhalle.de\/index.php?rest_route=\/wp\/v2\/pages"}],"about":[{"href":"https:\/\/saaleschwimmerhalle.de\/index.php?rest_route=\/wp\/v2\/types\/page"}],"author":[{"embeddable":true,"href":"https:\/\/saaleschwimmerhalle.de\/index.php?rest_route=\/wp\/v2\/users\/1"}],"replies":[{"embeddable":true,"href":"https:\/\/saaleschwimmerhalle.de\/index.php?rest_route=%2Fwp%2Fv2%2Fcomments&post=19"}],"version-history":[{"count":40,"href":"https:\/\/saaleschwimmerhalle.de\/index.php?rest_route=\/wp\/v2\/pages\/19\/revisions"}],"predecessor-version":[{"id":16732,"href":"https:\/\/saaleschwimmerhalle.de\/index.php?rest_route=\/wp\/v2\/pages\/19\/revisions\/16732"}],"up":[{"embeddable":true,"href":"https:\/\/saaleschwimmerhalle.de\/index.php?rest_route=\/wp\/v2\/pages\/13"}],"wp:attachment":[{"href":"https:\/\/saaleschwimmerhalle.de\/index.php?rest_route=%2Fwp%2Fv2%2Fmedia&parent=19"}],"curies":[{"name":"wp","href":"https:\/\/api.w.org\/{rel}","templated":true}]}}