{"id":2,"date":"2011-03-07T08:20:20","date_gmt":"2011-03-07T08:20:20","guid":{"rendered":"http:\/\/saaleschwimmerhalle.de\/?page_id=2"},"modified":"2020-12-03T21:41:42","modified_gmt":"2020-12-03T20:41:42","slug":"beispiel-seite","status":"publish","type":"page","link":"https:\/\/saaleschwimmerhalle.de\/?page_id=2","title":{"rendered":"Impressum\/Datenschutz"},"content":{"rendered":"<p>Saaleschwimmer Halle e.V.<br \/>\nVereinsregister VR 2611<br \/>\nKlaus-Dieter Gerlang<br \/>\nJamboler Str. 24, 06130 Halle<br \/>\nTel. 0160\/94415914<br \/>\nE-Mail: <a href=\"mailto:info@saaleschwimmerhalle.de\">info@saaleschwimmerhalle.de<\/a><br \/>\nInternet: <a title=\"Saaleschwimmer Halle Verein\" href=\"http:\/\/www.saaleschwimmerhalle.de\" target=\"_blank\" rel=\"noopener noreferrer\">www.saaleschwimmerhalle.de<\/a><\/p>\n<p><strong>Inhaltlich verantwortlich<\/strong><\/p>\n<p>Klaus-Dieter Gerlang<\/p>\n<p><strong>Verantwortungsbereich<\/strong><\/p>\n<p align=\"justify\">Das Impressum gilt nur f\u00fcr die Internetpr\u00e4senz unter der Adresse <a title=\"Saaleschwimmer Halle Verein\" href=\"http:\/\/www.saaleschwimmerhalle.de\" target=\"_blank\" rel=\"noopener noreferrer\">www.saaleschwimmerhalle.de<\/a><\/p>\n<p><strong>Abgrenzung<\/strong><\/p>\n<p align=\"justify\">Die Web-Pr\u00e4senz ist Teil des World Wide Web und dementsprechend mit fremden, sich jederzeit wandeln k\u00f6nnenden Web-Sites verkn\u00fcpft, die folglich auch nicht diesem Verantwortungsbereich unterliegen und f\u00fcr die nachfolgende Informationen nicht gelten. Dass die Links weder gegen Sitten noch Gesetze versto\u00dfen, wurde genau ein mal gepr\u00fcft: bevor sie hier aufgenommen wurden. Solche Links, die zu fremden Webprojekten f\u00fchren, erkennen Sie daran, dass sich ein neues Browserfenster \u00f6ffnet.<\/p>\n<p><strong>Datenschutz<\/strong><\/p>\n<p>Die Saaleschwimmer Halle als Betreiber dieser Seite nimmt den Schutz Ihrer pers\u00f6nlichen Daten sehr ernst. Die Nutzung der Webseiten ist ohne Angabe personenbezogener Daten m\u00f6glich. Wir nutzen weder Cookies noch irgendwelche Werkzeuge zur Aufzeichnung Ihrer Nutzung dieser Webseiten. Personenbezogene Daten erheben wir nur mit Ihrem Wissen und Ihrer Einwilligung (Anmeldung Saaleschwimmen, Schwimmen lernen f\u00fcr Erwachsene und Benefizschwimmen). Wenn Sie eine Einwilligung zur Nutzung von Daten erteilt haben, k\u00f6nnen Sie diese jederzeit widerrufen. Es werden au\u00dferdem keine pers\u00f6nlichen Daten ohne Ihre ausdr\u00fcckliche Zustimmung an Dritte weitergegeben. Sie haben jederzeit das Recht auf Auskunft, Berichtigung, Sperrung oder L\u00f6schung Ihrer Daten. Diesbez\u00fcglich k\u00f6nnen Sie sich jederzeit an uns wenden: info@saaleschwimmerhalle.de. Wir weisen darauf hin, dass die Daten\u00fcbertragung im Internet (z.B. bei der Kommunikation per E-Mail) Sicherheitsl\u00fccken aufweisen kann. Ein l\u00fcckenloser Schutz der Daten vor dem Zugriff durch Dritte ist technisch nicht m\u00f6glich.<\/p>\n<p>Der Provider unserer Seiten (Strato AG, Pascalstra\u00dfe 10, 10587 Berlin, Registergericht: Berlin Charlottenburg HRB 79450, USt-ID-Nr.: DE 211 045 709) erhebt und speichert automatisch Informationen in so genannten Server-Log Files, die Ihr Browser automatisch an uns \u00fcbermittelt. Dies sind Browsertyp und Browserversion, verwendetes Betriebssystem, Referrer URL, Hostname des zugreifenden Rechners und Uhrzeit der Serveranfrage. Diese Daten sind nicht bestimmten Personen zuordenbar. Eine Zusammenf\u00fchrung dieser Daten mit anderen Datenquellen wird nicht vorgenommen. Die Daten werden zudem nach einer statistischen Auswertung gel\u00f6scht.<\/p>\n<p><strong>Keine Haftung<\/strong><\/p>\n<p align=\"justify\">Die Inhalte dieses Webprojektes wurden sorgf\u00e4ltig gepr\u00fcft und nach bestem Wissen erstellt. Aber f\u00fcr die hier dargebotenen Informationen wird kein Anspruch auf Vollst\u00e4ndigkeit, Aktualit\u00e4t, Qualit\u00e4t und Richtigkeit erhoben. Es kann keine Verantwortung f\u00fcr Sch\u00e4den \u00fcbernommen werden, die durch das Vertrauen auf die Inhalte dieser Website oder deren Gebrauch entstehen.<\/p>\n<p><strong>Schutzrechtsverletzung<\/strong><\/p>\n<p align=\"justify\">Falls Sie vermuten, dass von dieser Website aus eines Ihrer Schutzrechte verletzt wird, teilen Sie das bitte umgehend per E-Mail: <a title=\"Saaleschwimmer Halle\" href=\"info@saaleschwimmerhalle.de\" target=\"_blank\" rel=\"noopener noreferrer\">info@saaleschwimmerhalle.de<\/a> oder Telefon: 0160\/94415914 mit, damit z\u00fcgig Abhilfe geschafft werden kann. Bitte nehmen Sie zur Kenntnis: Die zeitaufw\u00e4ndigere Einschaltung eines Anwaltes zur f\u00fcr den Diensteanbieter kostenpflichtigen Abmahnung entspricht nicht dessen wirklichen oder mutma\u00dflichen Willen. Alle hier genannten Handelsmarken und Warenzeichen sind als solche eingetragen und Eigentum des jeweiligen Rechteinhabers.<\/p>\n<p><strong>Fotos von Veranstaltungen des Vereins&nbsp;&#8222;Saaleschwimmer Halle e. V.&#8220;<\/strong><\/p>\n<p>Fotos von Veranstaltungen der Saaleschwimmer Halle e. V. d\u00fcrfen nur f\u00fcr private Zwecke, der \u00d6ffentlichkeitsarbeit der Presse und Rundfunk und gemeinn\u00fctziger Art ver\u00f6ffentlicht werden. F\u00fcr gewerbliche Zwecke bedarf es der ausdr\u00fccklichen Zustimmung des Vereins Saaleschwimmer Halle e. V.<\/p>\n<p><strong>Datenschutzordnung im Sportverein Saaleschwimmer Halle e. V.<\/strong><\/p>\n<p>Pr\u00e4ambel<\/p>\n<p>Der Saaleschwimmer Halle e.V. verarbeitet in vielfacher Weise automatisiert personenbezogene Daten (z.B. im Rahmen der Vereinsverwaltung, der Organisation des Sportbetriebs, der \u00d6ffentlichkeitsarbeit des Vereins). Um die Vorgaben der EU-Datenschutz-Grundverordnung und des Bundesdatenschutzgesetzes zu erf\u00fcllen, Datenschutzverst\u00f6\u00dfe zu vermeiden und einen einheitlichen Umgang mit personenbezogenen Daten innerhalb des Vereins zu gew\u00e4hrleisten, gibt sich der Verein die nachfolgende Datenschutzordnung.<\/p>\n<p>\u00a7 1 Allgemeines<\/p>\n<p>Der Verein verarbeitet personenbezogene Daten u.a. von Mitgliedern, Teilnehmerinnen und Teilnehmern am Sport- und Kursbetrieb und Mitarbeiterinnen und Mitarbeitern sowohl automatisiert in EDV-Anlagen als auch nicht automatisiert in einem Dateisystem, z.B. in Form von ausgedruckten Listen. Dar\u00fcber hinaus werden personenbezogene Daten im Internet ver\u00f6ffentlicht und an Dritte weitergeleitet oder Dritten offengelegt. In all diesen F\u00e4llen ist die EU-Datenschutz-Grundverordnung, das Bundesdatenschutzgesetz und diese Datenschutzordnung durch alle Personen im Verein, die personenbezogene Daten verarbeiten, zu beachten.<\/p>\n<p>\u00a7 2 Verarbeitung personenbezogener Daten der Mitglieder<\/p>\n<p>1. Der Verein verarbeitet die Daten unterschiedlicher Kategorien von Personen. F\u00fcr jede Kategorie von betroffenen Personen wird im Verzeichnis der Verarbeitungst\u00e4tigkeiten ein Einzelblatt angelegt.<\/p>\n<p>2. Im Rahmen des Mitgliedschaftsverh\u00e4ltnisses verarbeitet der Verein insbesondere die folgenden Daten der Mitglieder: Geschlecht, Vorname, Nachname, Anschrift (Stra\u00dfe, Hausnummer, Postleitzahl, Ort), Geburtsdatum, Datum des Vereinsbeitritts, Abteilungs- und ggf. Mannschaftszugeh\u00f6rigkeit, Bankverbindung, ggf. die Namen und Kontaktdaten der gesetzlichen Vertreter, Telefonnummern und E-Mail-Adressen, ggf. Funktion im Verein, ggf. Haushalts- und Familienzugeh\u00f6rigkeit bei Zuordnung zum Familienbeitrag.<\/p>\n<p>3. Im Rahmen der Zugeh\u00f6rigkeit zu den Landesverb\u00e4nden, deren Sportarten im Verein betrieben werden, werden personenbezogene Daten der Mitglieder an diese weitergeleitet, soweit die Mitglieder eine Berechtigung zur Teilnahme am Wettkampfbetrieb der Verb\u00e4nde beantragen (z.B. Startpass, Spielerpass, Lizenz) und an solchen Veranstaltungen teilnehmen.<\/p>\n<p>\u00a7 3 Datenverarbeitung im Rahmen der \u00d6ffentlichkeitsarbeit<\/p>\n<p>1. Im Rahmen der \u00d6ffentlichkeitsarbeit \u00fcber Vereinsaktivit\u00e4ten werden personenbezogene Daten in Aush\u00e4ngen, in der Vereinszeitung und in Internetauftritten ver\u00f6ffentlicht und an die Presse weitergegeben.<\/p>\n<p>2. Hierzu z\u00e4hlen insbesondere die Daten, die aus allgemein zug\u00e4nglichen Quellen stammen: Teilnehmer an sportlichen Veranstaltungen, Mannschaftsaufstellung, Ergebnisse, Torsch\u00fctzen, Alter oder Geburtsjahrgang.<\/p>\n<p>3. Die Ver\u00f6ffentlichung von Fotos und Videos, die au\u00dferhalb \u00f6ffentlicher Veranstaltungen gemacht wurden, erfolgt ausschlie\u00dflich auf Grundlage einer Einwilligung der abgebildeten Personen.<\/p>\n<p>4. Auf der Internetseite des Vereins werden die Daten der Mitglieder des Vorstands, der Abteilungsleiterinnen und Abteilungsleiter und der \u00dcbungsleiterinnen und \u00dcbungsleiter mit Vorname, Nachname, Funktion, E-Mail-Adresse und Telefonnummer ver\u00f6ffentlicht.<\/p>\n<p>\u00a7 4 Zust\u00e4ndigkeiten f\u00fcr die Datenverarbeitung im Verein<\/p>\n<p>Verantwortlich f\u00fcr die Einhaltung der datenschutzrechtlichen Vorgaben ist der Vorstand nach \u00a7 26 BGB. Funktional ist die Aufgabe dem Ressort Allgemeine Verwaltung (alt: z.B. dem Gesch\u00e4ftsf\u00fchrer) zugeordnet, soweit die Satzung oder diese Ordnung nicht etwas Abweichendes regelt.<\/p>\n<p>Der Ressortleiter Allgemeine Verwaltung stellt sicher, dass Verzeichnisse der Verarbeitungst\u00e4tigkeiten nach Art. 30 DSGVO gef\u00fchrt und die Informationspflichten nach Art. 13 und 14 DSGVO erf\u00fcllt werden. Er ist f\u00fcr die Beantwortung von Auskunftsverlangen von betroffenen Personen zust\u00e4ndig.<\/p>\n<p>\u00a7 5 Verwendung und Herausgabe von Mitgliederdaten und -listen<\/p>\n<p>1. Listen von Mitgliedern oder Teilnehmern werden den jeweiligen Mitarbeiterinnen und Mitarbeitern im Verein (z.B. Vorstandsmitgliedern, Abteilungsleitern, \u00dcbungsleitern) insofern zur Verf\u00fcgung gestellt, wie es die jeweilige Aufgabenstellung erfordert. Beim Umfang der dabei verwendeten personenbezogenen Daten ist das Gebot der Datensparsamkeit zu beachten.<\/p>\n<p>2. Personenbezogene Daten von Mitgliedern d\u00fcrfen an andere Vereinsmitglieder nur herausgegeben werden, wenn die Einwilligung der betroffenen Person vorliegt. Die Nutzung von Teilnehmerlisten, in die sich die Teilnehmer von Versammlungen und anderen Veranstaltungen zum Beispiel zum Nachweis der Anwesenheit eintragen, gilt nicht als eine solche Herausgabe.<\/p>\n<p>3. Macht ein Mitglied glaubhaft, dass es eine Mitgliederliste zur Wahrnehmung satzungsgem\u00e4\u00dfer oder gesetzlicher Rechte ben\u00f6tigt (z.B. um die Einberufung einer Mitgliederversammlung im Rahmen des Minderheitenbegehrens zu beantragen), stellt der Vorstand eine Kopie der Mitgliederliste mit Vornamen, Nachnamen und Anschrift als Ausdruck oder als Datei zur Verf\u00fcgung. Das Mitglied, welches das Minderheitenbegehren initiiert, hat vorher eine Versicherung abzugeben, dass diese Daten ausschlie\u00dflich f\u00fcr diesen Zweck verwendet und nach der Verwendung vernichtet werden.<\/p>\n<p>\u00a7 6 Kommunikation per E-Mail<\/p>\n<p>1. F\u00fcr die Kommunikation per E-Mail richtet der Verein einen vereinseigenen E-Mail-Account ein, der im Rahmen der vereinsinternen Kommunikation ausschlie\u00dflich zu nutzen ist.<\/p>\n<p>2. Beim Versand von E-Mails an eine Vielzahl von Personen, die nicht in einem st\u00e4ndigen Kontakt per E-Mail untereinander stehen und\/oder deren private E-Mail-Accounts verwendet werden, sind die E-Mail-Adressen als \u201ebcc\u201c zu versenden.<\/p>\n<p>\u00a7 7 Verpflichtung auf die Vertraulichkeit<\/p>\n<p>Alle Mitarbeiterinnen und Mitarbeiter im Verein, die Umgang mit personenbezogenen Daten haben (z.B. Mitglieder des Vorstands, Abteilungsleiterinnen und Abteilungsleiter, \u00dcbungsleiterinnen und \u00dcbungsleiter), sind auf den vertraulichen Umgang mit personenbezogenen Daten zu verpflichten.<\/p>\n<p>\u00a7 8 Datenschutzbeauftragter<\/p>\n<p>Da im Verein in der Regel mindestens 10 Personen st\u00e4ndig mit der automatisierten Verarbeitung personenbezogener Daten besch\u00e4ftigt sind, hat der Verein einen Datenschutzbeauftragten zu benennen. Die Auswahl und Benennung obliegt dem Vorstand nach \u00a7 26 BGB. Der Vorstand hat sicherzustellen, dass die benannte Person \u00fcber die erforderliche Fachkunde verf\u00fcgt. Vorrangig ist ein interner Datenschutzbeauftragter zu benennen. Ist aus den Reihen der Mitgliedschaft keine Person bereit, diese Funktion im Rahmen eines Ehrenamtes zu \u00fcbernehmen, hat der Vorstand nach \u00a7 26 BGB einen externen Datenschutzbeauftragten auf der Basis eines Dienstvertrages zu beauftragen.<\/p>\n<p>(alt: Begr\u00fcndung, aus welchen Gr\u00fcnden der Verein derzeit keinen Datenschutzbeauftragten zu bestellen hat).<\/p>\n<p>\u00a7 9 Einrichtung und Unterhaltung von Internetauftritten<\/p>\n<p>1. Der Verein unterh\u00e4lt zentrale Auftritte f\u00fcr den Gesamtverein. Die Einrichtung und Unterhaltung von Auftritten im Internet obliegt dem Ressortleiter \u00d6ffentlichkeitsarbeit. \u00c4nderungen d\u00fcrfen ausschlie\u00dflich durch den Ressortleiter \u00d6ffentlichkeitsarbeit, den Ressortleiter Allgemeine Verwaltung und den Administrator vorgenommen werden.<\/p>\n<p>2. Der Ressortleiter \u00d6ffentlichkeitsarbeit ist f\u00fcr die Einhaltung der Datenschutzbestimmungen im Zusammenhang mit Online-Auftritten verantwortlich.<\/p>\n<p>3. Abteilungen, Gruppen und Mannschaften bed\u00fcrfen f\u00fcr die Einrichtung eigener Internetauftritte (z.B. Homepage, Facebook, Twitter) der ausdr\u00fccklichen Genehmigung des Ressortleiters \u00d6ffentlichkeitsarbeit. F\u00fcr den Betrieb eines Internetauftritts haben die Abteilungen, Gruppen und Mannschaften Verantwortliche zu benennen, denen gegen\u00fcber der Ressortleiter \u00d6ffentlichkeitsarbeit weisungsbefugt ist. Bei Verst\u00f6\u00dfen gegen datenschutzrechtliche Vorgaben und Missachtung von Weisungen des Ressortleiters \u00d6ffentlichkeitsarbeit, kann der Vorstand nach \u00a7 26 BGB die Genehmigung f\u00fcr den Betrieb eines Internetauftritts widerrufen. Die Entscheidung des Vorstands nach \u00a7 26 BGB ist unanfechtbar.<\/p>\n<p>\u00a7 10 Verst\u00f6\u00dfe gegen datenschutzrechtliche Vorgaben und diese Ordnung<\/p>\n<p>1. Alle Mitarbeiterinnen und Mitarbeiter des Vereins d\u00fcrfen nur im Rahmen ihrer jeweiligen Befugnisse Daten verarbeiten. Eine eigenm\u00e4chtige Datenerhebung, -nutzung oder \u2013weitergabe ist untersagt.<\/p>\n<p>2. Verst\u00f6\u00dfe gegen allgemeine datenschutzrechtliche Vorgaben und insbesondere gegen diese Datenschutzordnung k\u00f6nnen gem\u00e4\u00df den Sanktionsmitteln, wie sie in der Satzung vorgesehen sind, geahndet werden.<\/p>\n<p>\u00a7 11 Inkrafttreten<\/p>\n<p>Diese Datenschutzordnung wurde durch den Gesamtvorstand des Vereins am 25.05.2018 beschlossen und tritt mit Ver\u00f6ffentlichung auf der Homepage des Vereins in Kraft.<\/p>\n<p><strong>Informationspflichten nach Artikel 13 und 14 DSGVO<\/strong><\/p>\n<p>Nach Artikel 13 und 14 EU-DSGVO hat der Verantwortliche einer betroffenen Person, deren Daten er verarbeitet, die in den Artikeln genannten Informationen bereit zu stellen. Dieser Informationspflicht kommt dieses Merkblatt nach.<\/p>\n<p>1. Namen und Kontaktdaten des Verantwortlichen sowie gegebenenfalls seiner Vertreter:<\/p>\n<p>Saaleschwimmer Halle e.V., Jamboler Str. 24, 06130 Halle, gesetzlich vertreten durch den Vorstand nach \u00a7 26 BGB, Herr Klaus-Dieter Gerlang, Herr Robby Sch\u00f6nfeld und Herr Lutz Rademacher; E-Mail: info@saaleschwimmerhalle.de<\/p>\n<p>2. Kontaktdaten des Datenschutzbeauftragten\/der Datenschutzbeauftragten:<\/p>\n<p>Saaleschwimmer Halle e.V., Thomas Hoffmann,  Meisenweg 6, 06110 Halle, th@treehouse-webdesign.de<\/p>\n<p>3. Zwecke, f\u00fcr die personenbezogenen Daten verarbeitet werden:<\/p>\n<p>Die personenbezogenen Daten werden f\u00fcr die Durchf\u00fchrung des Mitgliedschaftsverh\u00e4ltnisses verarbeitet (z.B. Einladung zu Versammlungen, Beitragseinzug, Organisation des Sportbetriebes).<\/p>\n<p>Ferner werden personenbezogene Daten zur Teilnahme am Wettkampf-, Turnier- und Spielbetrieb der Landesfachverb\u00e4nde an diese weitergeleitet.<\/p>\n<p>Dar\u00fcber hinaus werden personenbezogene Daten im Zusammenhang mit sportlichen Ereignissen einschlie\u00dflich der Berichterstattung hier\u00fcber auf der Internetseite des Vereins, in Auftritten des Vereins in Sozialen Medien sowie auf Seiten der Fachverb\u00e4nde ver\u00f6ffentlicht und an lokale, regionale und \u00fcberregionale Printmedien \u00fcbermittelt.<\/p>\n<p>4. Rechtsgrundlagen, auf Grund derer die Verarbeitung erfolgt:<\/p>\n<p>Die Verarbeitung der personenbezogenen Daten erfolgt in der Regel aufgrund der Erforderlichkeit zur Erf\u00fcllung eines Vertrages gem\u00e4\u00df Artikel 6 Abs. 1 lit. b) DSGVO. Bei den Vertragsverh\u00e4ltnissen handelt es sich in erster Linie um das Mitgliedschaftsverh\u00e4ltnis im Verein und um die Teilnahme am Spielbetrieb der Fachverb\u00e4nde.<\/p>\n<p>Werden personenbezogene Daten erhoben, ohne dass die Verarbeitung zur Erf\u00fcllung des Vertrages erforderlich ist, erfolgt die Verarbeitung aufgrund einer Einwilligung nach Artikel 6 Abs. 1 lit. a) i.V.m. Artikel 7 DSGVO.<\/p>\n<p>Die Ver\u00f6ffentlichung personenbezogener Daten im Internet oder in lokalen, regionalen oder \u00fcberregionalen Printmedien erfolgt zur Wahrung berechtigter Interessen des Vereins (vgl. Artikel 6 Abs. 1 lit. f) DSGVO). Das berechtigte Interesse des Vereins besteht in der Information der \u00d6ffentlichkeit durch Berichtserstattung \u00fcber die Aktivit\u00e4ten des Vereins. In diesem Rahmen werden personenbezogene Daten einschlie\u00dflich von Bildern der Teilnehmer zum Beispiel im Rahmen der Berichterstattung \u00fcber sportliche Ereignisse des Vereins ver\u00f6ffentlicht.<\/p>\n<p>5. Die Empf\u00e4nger oder Kategorien von Empf\u00e4ngern der personenbezogenen Daten:<\/p>\n<p>Personenbezogene Daten der Mitglieder, die am Spiel- und Wettkampfbetrieb der Landesfachverb\u00e4nde teilnehmen, werden zum Erwerb einer Lizenz, einer Wertungskarte, eines Spielerpasses oder sonstiger Teilnahmeberechtigung an den jeweiligen Landesfachverband weitergegeben.<\/p>\n<p>Die Daten der Bankverbindung der Mitglieder werden zum Zwecke des Beitragseinzugs an die Sparkasse Musterstadt weitergeleitet.<\/p>\n<p>6. Die Dauer, f\u00fcr die die personenbezogenen Daten gespeichert werden oder, falls dies nicht m\u00f6glich ist, die Kriterien f\u00fcr die Festlegung der Dauer:<\/p>\n<p>Die personenbezogenen Daten werden f\u00fcr die Dauer der Mitgliedschaft gespeichert.<br \/>\nMit Beendigung der Mitgliedschaft werden die Datenkategorien gem\u00e4\u00df den gesetzlichen Aufbewahrungsfristen weitere zehn Jahre vorgehalten und dann gel\u00f6scht. In der Zeit zwischen Beendigung der Mitgliedschaft und der L\u00f6schung wird die Verarbeitung dieser Daten eingeschr\u00e4nkt.<\/p>\n<p>Bestimmte Datenkategorien werden zum Zweck der Vereinschronik im Vereinsarchiv gespeichert. Hierbei handelt es sich um die Kategorien Vorname, Nachname, Zugeh\u00f6rigkeit zu einer Mannschaft, besondere sportliche Erfolge oder Ereignisse, an denen die betroffene Person mitgewirkt hat. Der Speicherung liegt ein berechtigtes Interesse des Vereins an der zeitgeschichtlichen Dokumentation von sportlichen Ereignissen und Erfolgen und der jeweiligen Zusammensetzung der Mannschaften zugrunde.<\/p>\n<p>Alle Daten der \u00fcbrigen Kategorien (z.B. Bankdaten, Anschrift, Kontaktdaten) werden mit Beendigung der Mitgliedschaft gel\u00f6scht.<\/p>\n<p>7. Der betroffenen Person stehen unter den in den Artikeln jeweils genannten Voraussetzungen die nachfolgenden Rechte zu:<\/p>\n<p>&#8211; das Recht auf Auskunft nach Artikel 15 DSGVO,<br \/>\n&#8211; das Recht auf Berichtigung nach Artikel 16 DSGVO,<br \/>\n&#8211; das Recht auf L\u00f6schung nach Artikel 17 DSGVO,<br \/>\n&#8211; das Recht auf Einschr\u00e4nkung der Verarbeitung nach Artikel 18 DSGVO,<br \/>\n&#8211; das Recht auf Daten\u00fcbertragbarkeit nach Artikel 20 DSGVO,<br \/>\n&#8211; das Widerspruchsrecht nach Artikel 21 DSGVO,<br \/>\n&#8211; das Recht auf Beschwerde bei einer Aufsichtsbeh\u00f6rde nach Artikel 77 DSGVO<br \/>\n&#8211; das Recht, eine erteilte Einwilligung jederzeit widerrufen zu k\u00f6nnen, ohne dass die Rechtm\u00e4\u00dfigkeit der aufgrund der Einwilligung bis zum Widerruf erfolgten Verarbeitung hierdurch ber\u00fchrt wird.<\/p>\n","protected":false},"excerpt":{"rendered":"<p>Saaleschwimmer Halle e.V. Vereinsregister VR 2611 Klaus-Dieter Gerlang Jamboler Str. 24, 06130 Halle Tel. 0160\/94415914 E-Mail: info@saaleschwimmerhalle.de Internet: www.saaleschwimmerhalle.de Inhaltlich verantwortlich Klaus-Dieter Gerlang Verantwortungsbereich Das Impressum gilt nur f\u00fcr die Internetpr\u00e4senz unter der Adresse www.saaleschwimmerhalle.de Abgrenzung Die Web-Pr\u00e4senz ist Teil des World Wide Web und dementsprechend mit fremden, sich jederzeit wandeln k\u00f6nnenden Web-Sites verkn\u00fcpft, die [&hellip;]<\/p>\n","protected":false},"author":1,"featured_media":0,"parent":0,"menu_order":999,"comment_status":"open","ping_status":"open","template":"","meta":{"footnotes":""},"class_list":["post-2","page","type-page","status-publish","hentry"],"_links":{"self":[{"href":"https:\/\/saaleschwimmerhalle.de\/index.php?rest_route=\/wp\/v2\/pages\/2","targetHints":{"allow":["GET"]}}],"collection":[{"href":"https:\/\/saaleschwimmerhalle.de\/index.php?rest_route=\/wp\/v2\/pages"}],"about":[{"href":"https:\/\/saaleschwimmerhalle.de\/index.php?rest_route=\/wp\/v2\/types\/page"}],"author":[{"embeddable":true,"href":"https:\/\/saaleschwimmerhalle.de\/index.php?rest_route=\/wp\/v2\/users\/1"}],"replies":[{"embeddable":true,"href":"https:\/\/saaleschwimmerhalle.de\/index.php?rest_route=%2Fwp%2Fv2%2Fcomments&post=2"}],"version-history":[{"count":0,"href":"https:\/\/saaleschwimmerhalle.de\/index.php?rest_route=\/wp\/v2\/pages\/2\/revisions"}],"wp:attachment":[{"href":"https:\/\/saaleschwimmerhalle.de\/index.php?rest_route=%2Fwp%2Fv2%2Fmedia&parent=2"}],"curies":[{"name":"wp","href":"https:\/\/api.w.org\/{rel}","templated":true}]}}