{"id":2293,"date":"2012-02-12T16:36:45","date_gmt":"2012-02-12T16:36:45","guid":{"rendered":"http:\/\/saaleschwimmerhalle.de\/?page_id=2293"},"modified":"2019-03-05T21:21:06","modified_gmt":"2019-03-05T20:21:06","slug":"forderer-werden","status":"publish","type":"page","link":"https:\/\/saaleschwimmerhalle.de\/?page_id=2293","title":{"rendered":"F\u00f6rdermitglied"},"content":{"rendered":"<p><strong>Ziele des Vereins<\/strong><\/p>\n<p>Der Verein Saaleschwimmer Halle e. V. hat sich zum Ziel gesetzt, das Saaleschwimmen\u00a0 ideell und finanziell zu f\u00f6rdern.<\/p>\n<p>Der Verein Saaleschwimmer Halle\u00a0 e.V. veranstaltet jedes Jahr ein <strong>Internationales Saaleschwimmen<\/strong> <strong>um den \u201eEichendorff-Pokal\u201c und ein Firmenteamschwimmen <\/strong>unterhalb der Burg Giebichenstein.<\/p>\n<p>Das Saaleschwimmen findet im Rahmen des Europ\u00e4ischen Flussbadetages <strong>Big Jump<\/strong> statt. Big Jump ist ein europaweiter Flussbadetag w\u00e4hrend dem die Menschen den Wunsch demonstrieren, wieder in sauberen und lebendigen Fl\u00fcssen zu baden.<\/p>\n<p>Ziel des Schwimmwettkampfes ist die Saale und ihre Ufer wieder zum Anziehungspunkt f\u00fcr Spazierg\u00e4nger und Erholungssuchende zu machen und den Tourismus an der Saale zu f\u00f6rdern.<\/p>\n<h4>\u201eDie Hallenser m\u00f6chten ihren Fluss zur\u00fcckerobern\u201c<\/h4>\n<p>Wi\u00dft ihr wo Halle liegt ?<\/p>\n<p>Halle liegt im Tale.<\/p>\n<p>Da sind sch\u00f6ne Jungfraun drin<\/p>\n<p>und Nixen in der Saale.<\/p>\n<p>(alter Studentenspruch)<\/p>\n<p>Wir Saaleschwimmer m\u00f6chten zeigen, dass man wieder in der Saale schwimmen kann. Die Hallenser erinnern sich zu sehr an das stinkende Saalewasser zu DDR-Zeiten und die wei\u00dfen Schaumkronen, dieses durch die Einleitung ungereinigter Industrieabw\u00e4sser hervorgerufen wurden.<\/p>\n<p>\u201eDieses Bild sollte endlich aus den K\u00f6pfen verschwinden\u201c<\/p>\n<p>Die Saale erhielt 1990 der Fluss das Pr\u00e4dikat \u201cstark verschmutzt\u201d (Klasse IV), konnte die Saale 1995 ihre Sauberkeits-Noten verbessern. Sie erreichte die Klasse III \u201ckritisch belastet\u201d. Ab 2000 sei das Gew\u00e4sser nur noch als \u201cm\u00e4\u00dfig belastet\u201d (Klasse II) eingestuft worden. \u201cUnd jetzt, nach EU-Klassifizierung\u201d, befindet sich die Saale sogar ein einem chemisch guten Zustand\u201d. Und die Wasserqualit\u00e4t verbessert sich weiter.<\/p>\n<p>\u201e<strong>Baden sei von der Wasserqualit\u00e4t her bereits gesundheitlich unbedenklich\u201c<\/strong><\/p>\n<p>Mit einer Spende an unseren Verein und\/oder der Mitgliedschaft als F\u00f6rderer tragen sie zur Umweltverbesserung bei.<\/p>\n<p>Investieren Sie mit Ihrem Beitrag oder Ihrer Spende in die Zukunft des eines sauberen Flusses.<\/p>\n<p>Der Verein ist als gemeinn\u00fctzig anerkannt, die Entscheidung \u00fcber die Verwendung der zur Verf\u00fcgung stehenden Mittel trifft die Mitgliederversammlung bzw. ein Gremium, das aus gew\u00e4hlten Vertretern des Vorstandes .<\/p>\n<p><strong>F\u00f6rdermitglied werden:<\/strong><\/p>\n<p align=\"justify\">Hierf\u00fcr laden Sie bitte unseren Antrag auf <a href=\"http:\/\/saaleschwimmerhalle.de\/?attachment_id=6231\" rel=\"attachment wp-att-6231\">F\u00f6rderantrag<\/a>\u00a0herunter und senden uns diesen ausgef\u00fcllt per Email <a href=\"mailto:info@saaleschwimmerhalle.de\">info@saaleschwimmerhalle.de<\/a> bzw. per Post (Saaleschwimmer Halle e.V., Klaus-Dieter Gerlang,\u00a0Jamboler Str. 24, 06130 Halle) zur\u00fcck.<\/p>\n<p>&nbsp;<\/p>\n","protected":false},"excerpt":{"rendered":"<p>Ziele des Vereins Der Verein Saaleschwimmer Halle e. V. hat sich zum Ziel gesetzt, das Saaleschwimmen\u00a0 ideell und finanziell zu f\u00f6rdern. Der Verein Saaleschwimmer Halle\u00a0 e.V. veranstaltet jedes Jahr ein Internationales Saaleschwimmen um den \u201eEichendorff-Pokal\u201c und ein Firmenteamschwimmen unterhalb der Burg Giebichenstein. Das Saaleschwimmen findet im Rahmen des Europ\u00e4ischen Flussbadetages Big Jump statt. Big Jump [&hellip;]<\/p>\n","protected":false},"author":2,"featured_media":0,"parent":26,"menu_order":60,"comment_status":"open","ping_status":"open","template":"","meta":{"footnotes":""},"class_list":["post-2293","page","type-page","status-publish","hentry"],"_links":{"self":[{"href":"https:\/\/saaleschwimmerhalle.de\/index.php?rest_route=\/wp\/v2\/pages\/2293","targetHints":{"allow":["GET"]}}],"collection":[{"href":"https:\/\/saaleschwimmerhalle.de\/index.php?rest_route=\/wp\/v2\/pages"}],"about":[{"href":"https:\/\/saaleschwimmerhalle.de\/index.php?rest_route=\/wp\/v2\/types\/page"}],"author":[{"embeddable":true,"href":"https:\/\/saaleschwimmerhalle.de\/index.php?rest_route=\/wp\/v2\/users\/2"}],"replies":[{"embeddable":true,"href":"https:\/\/saaleschwimmerhalle.de\/index.php?rest_route=%2Fwp%2Fv2%2Fcomments&post=2293"}],"version-history":[{"count":0,"href":"https:\/\/saaleschwimmerhalle.de\/index.php?rest_route=\/wp\/v2\/pages\/2293\/revisions"}],"up":[{"embeddable":true,"href":"https:\/\/saaleschwimmerhalle.de\/index.php?rest_route=\/wp\/v2\/pages\/26"}],"wp:attachment":[{"href":"https:\/\/saaleschwimmerhalle.de\/index.php?rest_route=%2Fwp%2Fv2%2Fmedia&parent=2293"}],"curies":[{"name":"wp","href":"https:\/\/api.w.org\/{rel}","templated":true}]}}