{"id":4100,"date":"2013-02-15T19:43:54","date_gmt":"2013-02-15T19:43:54","guid":{"rendered":"http:\/\/saaleschwimmerhalle.de\/?page_id=4100"},"modified":"2025-09-10T10:37:15","modified_gmt":"2025-09-10T08:37:15","slug":"pressemitteilung-7-int-saaleschwimmen","status":"publish","type":"page","link":"https:\/\/saaleschwimmerhalle.de\/?page_id=4100","title":{"rendered":"Pressemitteilung 2026"},"content":{"rendered":"<p>Saaleschwimmer Halle e. V.<\/p>\n<p>Jamboler Str. 24<\/p>\n<p>06130 Halle\u00a0\u00a0\u00a0\u00a0\u00a0\u00a0\u00a0\u00a0\u00a0 \u00a0\u00a0\u00a0\u00a0\u00a0\u00a0\u00a0\u00a0\u00a0\u00a0\u00a0\u00a0\u00a0\u00a0\u00a0\u00a0\u00a0\u00a0\u00a0\u00a0\u00a0\u00a0\u00a0\u00a0\u00a0\u00a0\u00a0\u00a0\u00a0\u00a0\u00a0\u00a0\u00a0\u00a0\u00a0\u00a0\u00a0\u00a0 Halle an der Saale 29.09.2025<\/p>\n<p><strong>\u00a0\u00a0\u00a0\u00a0\u00a0\u00a0\u00a0 \u00a0 \u00a0 \u00a0\u00a0\u00a0\u00a0 \u00a0 \u00a0 \u00a0 \u00a0\u00a0 Halle Event 2026<\/strong><strong><em><br \/>\n<\/em><\/strong><\/p>\n<p><strong><em>Die Saale geh\u00f6rt am Samstag den 11.07.2026 wieder den Schwimmern, Triathleten, Freizeitsportlern und \u00a0Saalefans Sachsen-Anhalts<\/em><\/strong><\/p>\n<p><strong>20. Saaleschwimmen in Halle<\/strong><\/p>\n<p>In der Saale schwimmen, ist ein Muss . \u2013 <strong>Klaus-Dieter Gerlang<\/strong><\/p>\n<p><strong>Willkommen!<\/strong><\/p>\n<p>bei den Saaleschwimmern in Halle.<\/p>\n<p>Seit 2007 veranstalten die Saaleschwimmer Halle das \u201eInternationale Saaleschwimmen\u201c 17 Jahre lang als Wettkampfveranstaltung ! Dies Veranstaltung hat sich in den Jahren als sehr beliebte und tradionelle Veranstaltung mit Teilnehmern aus ganz Deutschland in jedem Sommer etabliert. Herr Klaus-Dieter Gerlang, ein Saaleschwimmer Urgestein , hat das Schwimmen zu dem gemacht, was es bis heute ist in Halle!<\/p>\n<p><strong>Kein Wettkampfcharakter,\u00a0 keine Zeitnahme und keine Siegerehrung !!!<\/strong><\/p>\n<p>Zum 20. Saaleschwimmen gibt es f\u00fcr alle Teilnehmer ein <strong>Badehandtuch !<\/strong><\/p>\n<p>Es soll ein Spa\u00dfschwimmen f\u00fcr Jedermann sein !<\/p>\n<p>Die Teilnahmegeb\u00fchr betr\u00e4gt 20 \u20ac, f\u00fcr Teilnehmer bis 14 Jahre 10 \u20ac !!!<\/p>\n<p>An dem Saaleschwimmen kann jeder teilnehmen, der sich zutraut eine Strecke von ca. 1,5 km vom Saalestrand der Ziegelwiese in Halle bis zu den Klausbergen Emil-Eichhornstrasse \u2013 mit der Str\u00f6mung \u2013 zu schwimmen. Die Str\u00f6mungsgeschwindigkeit der Saale ist abh\u00e4ngig vom Pegelstand. Durchschnittlich betr\u00e4gt sie 0,5 m\/s, gleich 1,8 km\/h. Keiner braucht sich anzumelden, eine Startgeb\u00fchr wird nicht erhoben. Die Teilnahme erfolgt auf eigene Verantwortung, d.h. wenn jemand ein Mi\u00dfgeschick widerf\u00e4hrt, z.B. eine Verletzung oder eine Erk\u00e4ltung nach dem Schwimmen, so darf er nicht den Veranstalter daf\u00fcr haftbar machen. Wer Lust dazu hat, kann mit Neoprenanzug oder statt der einfachen Badehose sich ein fantasievolles Kost\u00fcm anziehen. Die j\u00fcngsten Teilnehmer sind meistens 10 Jahre alt und schwimmen mit Genehmigung und in Begleitung der Eltern, die \u00e4ltesten sind in der Regel \u00fcber 80 Jahre alt! Die Teilnehmerzahl ist stark abh\u00e4ngig vom Wetter und deshalb weder voraussehbar noch exakt zu erfassen.<\/p>\n<p>Klaus-Dieter Gerlang<\/p>\n<p>1. Vorsitzender<\/p>\n<p>Saaleschwimmer Halle e. V.<\/p>\n<p>Tel. 0160 94415914<\/p>\n<p>&nbsp;<\/p>\n<p>&nbsp;<\/p>\n","protected":false},"excerpt":{"rendered":"<p>Saaleschwimmer Halle e. V. Jamboler Str. 24 06130 Halle\u00a0\u00a0\u00a0\u00a0\u00a0\u00a0\u00a0\u00a0\u00a0 \u00a0\u00a0\u00a0\u00a0\u00a0\u00a0\u00a0\u00a0\u00a0\u00a0\u00a0\u00a0\u00a0\u00a0\u00a0\u00a0\u00a0\u00a0\u00a0\u00a0\u00a0\u00a0\u00a0\u00a0\u00a0\u00a0\u00a0\u00a0\u00a0\u00a0\u00a0\u00a0\u00a0\u00a0\u00a0\u00a0\u00a0\u00a0 Halle an der Saale 29.09.2025 \u00a0\u00a0\u00a0\u00a0\u00a0\u00a0\u00a0 \u00a0 \u00a0 \u00a0\u00a0\u00a0\u00a0 \u00a0 \u00a0 \u00a0 \u00a0\u00a0 Halle Event 2026 Die Saale geh\u00f6rt am Samstag den 11.07.2026 wieder den Schwimmern, Triathleten, Freizeitsportlern und \u00a0Saalefans Sachsen-Anhalts 20. Saaleschwimmen in Halle In der Saale schwimmen, ist ein Muss . \u2013 Klaus-Dieter [&hellip;]<\/p>\n","protected":false},"author":2,"featured_media":0,"parent":13,"menu_order":44,"comment_status":"open","ping_status":"open","template":"","meta":{"footnotes":""},"class_list":["post-4100","page","type-page","status-publish","hentry"],"_links":{"self":[{"href":"https:\/\/saaleschwimmerhalle.de\/index.php?rest_route=\/wp\/v2\/pages\/4100","targetHints":{"allow":["GET"]}}],"collection":[{"href":"https:\/\/saaleschwimmerhalle.de\/index.php?rest_route=\/wp\/v2\/pages"}],"about":[{"href":"https:\/\/saaleschwimmerhalle.de\/index.php?rest_route=\/wp\/v2\/types\/page"}],"author":[{"embeddable":true,"href":"https:\/\/saaleschwimmerhalle.de\/index.php?rest_route=\/wp\/v2\/users\/2"}],"replies":[{"embeddable":true,"href":"https:\/\/saaleschwimmerhalle.de\/index.php?rest_route=%2Fwp%2Fv2%2Fcomments&post=4100"}],"version-history":[{"count":6,"href":"https:\/\/saaleschwimmerhalle.de\/index.php?rest_route=\/wp\/v2\/pages\/4100\/revisions"}],"predecessor-version":[{"id":16568,"href":"https:\/\/saaleschwimmerhalle.de\/index.php?rest_route=\/wp\/v2\/pages\/4100\/revisions\/16568"}],"up":[{"embeddable":true,"href":"https:\/\/saaleschwimmerhalle.de\/index.php?rest_route=\/wp\/v2\/pages\/13"}],"wp:attachment":[{"href":"https:\/\/saaleschwimmerhalle.de\/index.php?rest_route=%2Fwp%2Fv2%2Fmedia&parent=4100"}],"curies":[{"name":"wp","href":"https:\/\/api.w.org\/{rel}","templated":true}]}}