{"id":81,"date":"2011-03-07T20:04:05","date_gmt":"2011-03-07T20:04:05","guid":{"rendered":"http:\/\/saaleschwimmerhalle.de\/?page_id=81"},"modified":"2025-08-09T20:39:39","modified_gmt":"2025-08-09T18:39:39","slug":"training","status":"publish","type":"page","link":"https:\/\/saaleschwimmerhalle.de\/?page_id=81","title":{"rendered":"Training\/Mitglied werden"},"content":{"rendered":"<p><strong>Schwimmzeiten<\/strong><\/p>\n<table border=\"0\" width=\"100%\" cellspacing=\"5\">\n<tbody>\n<tr>\n<td colspan=\"2\"><strong>Robert-Koch Schwimmhalle<\/strong><\/td>\n<\/tr>\n<tr>\n<td width=\"35%\">Montag<\/td>\n<td width=\"65%\">11:00 &#8211; 12:00 Uhr Bahn 5<\/td>\n<\/tr>\n<tr>\n<td>Dienstag<\/td>\n<td>\n<p style=\"text-align: left;\">19:00 &#8211; 20:00 Uhr Bahn 2\u00a0 \u00a0 \u00a0 \u00a0 \u00a0 \u00a0 \u00a0 \u00a0 \u00a0 \u00a0 \u00a0 \u00a0 \u00a0 \u00a0 \u00a0 \u00a0 \u00a0 \u00a0 \u00a0 \u00a0 \u00a0 \u00a0 \u00a0 \u00a0 \u00a0 \u00a0 \u00a0 \u00a0 \u00a0 \u00a0 \u00a0 \u00a0 \u00a0 \u00a0 \u00a0 \u00a0 \u00a0 \u00a0 \u00a0 \u00a0 \u00a0 \u00a0 \u00a0 \u00a0 \u00a0 \u00a0 &#8222;Schwimmen lernen f\u00fcr Erwachsene&#8220;\u00a0 \u00a0 \u00a0 \u00a0 \u00a0 \u00a0 \u00a0 \u00a0 \u00a0 \u00a0 \u00a0 \u00a0 \u00a0 \u00a0 \u00a0 \u00a0 \u00a0 \u00a0 \u00a0 \u00a0 \u00a0 \u00a0 \u00a0 \u00a0 \u00a0 \u00a0 \u00a0 \u00a0 \u00a0 \u00a0 \u00a0 \u00a0 \u00a0 \u00a0 \u00a0 \u00a0 \u00a0 \u00a0 \u00a0 \u00a0 \u00a0 \u00a0 20:00-21:00 Uhr Bahn 2, 21:00 &#8211; 22:00 Uhr Bahn 1<\/p>\n<\/td>\n<\/tr>\n<tr>\n<td>Mittwoch<\/td>\n<td>13:00 &#8211; 14:00 Uhr Bahn 5<\/td>\n<\/tr>\n<tr>\n<td>Donnerstag<\/td>\n<td>13:00 &#8211; 14:00 Uhr Bahn 5<\/td>\n<\/tr>\n<tr>\n<td colspan=\"2\"><strong>Schwimmhalle\u00a0Saline<\/strong><\/td>\n<\/tr>\n<tr>\n<td>Donnerstag<\/td>\n<td>19:00 &#8211; 22:00 Uhr Nichtschwimmerbecken<br \/>\n&#8222;Schwimmen lernen f\u00fcr Erwachsene&#8220;<\/td>\n<\/tr>\n<\/tbody>\n<\/table>\n<p><strong>Mitglied werden<\/strong><\/p>\n<p align=\"justify\">Unser Verein lebt von den Mitgliedern. Wir freuen uns \u00fcber aktive Mitglieder, die sich mit uns zusammen sportlich bet\u00e4tigen wollen und Spa\u00df an Bewegung und Aktivit\u00e4ten in einer Gruppe haben! Bitte senden Sie f\u00fcr die Aufnahme in den Saaleschwimmer Verein einfach einen formlosen Antrag per Email an: <a href=\"mailto:info@saaleschwimmerhalle.de\">info@saaleschwimmerhalle.de<\/a> bzw. per Post an: Saaleschwimmer Halle e.V., Jamboler Str. 24, 06130\u00a0 Halle. Vielen Dank und wir freuen uns auf Sie!<\/p>\n<p><strong>F\u00f6rdermitglied werden<\/strong><\/p>\n<p align=\"justify\">Hierf\u00fcr laden Sie bitte unseren Antrag auf <a href=\"http:\/\/saaleschwimmerhalle.de\/?attachment_id=6033\" rel=\"attachment wp-att-6033\">F\u00f6rderantrag<\/a>\u00a0herunter und senden uns diesen ausgef\u00fcllt per Email <a href=\"mailto:info@saaleschwimmerhalle.de\">info@saaleschwimmerhalle.de<\/a> bzw. per Post (Saaleschwimmer Halle e.V., Klaus-Dieter Gerlang, Jamboler Str. 24, 06130 Halle) zur\u00fcck.<\/p>\n<p><strong>Mitgliedsbeitrag 140\u20ac im Jahr<\/strong><\/p>\n","protected":false},"excerpt":{"rendered":"<p>Schwimmzeiten Robert-Koch Schwimmhalle Montag 11:00 &#8211; 12:00 Uhr Bahn 5 Dienstag 19:00 &#8211; 20:00 Uhr Bahn 2\u00a0 \u00a0 \u00a0 \u00a0 \u00a0 \u00a0 \u00a0 \u00a0 \u00a0 \u00a0 \u00a0 \u00a0 \u00a0 \u00a0 \u00a0 \u00a0 \u00a0 \u00a0 \u00a0 \u00a0 \u00a0 \u00a0 \u00a0 \u00a0 \u00a0 \u00a0 \u00a0 \u00a0 \u00a0 \u00a0 \u00a0 \u00a0 \u00a0 \u00a0 \u00a0 \u00a0 \u00a0 \u00a0 \u00a0 [&hellip;]<\/p>\n","protected":false},"author":1,"featured_media":0,"parent":26,"menu_order":50,"comment_status":"open","ping_status":"open","template":"","meta":{"footnotes":""},"class_list":["post-81","page","type-page","status-publish","hentry"],"_links":{"self":[{"href":"https:\/\/saaleschwimmerhalle.de\/index.php?rest_route=\/wp\/v2\/pages\/81","targetHints":{"allow":["GET"]}}],"collection":[{"href":"https:\/\/saaleschwimmerhalle.de\/index.php?rest_route=\/wp\/v2\/pages"}],"about":[{"href":"https:\/\/saaleschwimmerhalle.de\/index.php?rest_route=\/wp\/v2\/types\/page"}],"author":[{"embeddable":true,"href":"https:\/\/saaleschwimmerhalle.de\/index.php?rest_route=\/wp\/v2\/users\/1"}],"replies":[{"embeddable":true,"href":"https:\/\/saaleschwimmerhalle.de\/index.php?rest_route=%2Fwp%2Fv2%2Fcomments&post=81"}],"version-history":[{"count":15,"href":"https:\/\/saaleschwimmerhalle.de\/index.php?rest_route=\/wp\/v2\/pages\/81\/revisions"}],"predecessor-version":[{"id":16525,"href":"https:\/\/saaleschwimmerhalle.de\/index.php?rest_route=\/wp\/v2\/pages\/81\/revisions\/16525"}],"up":[{"embeddable":true,"href":"https:\/\/saaleschwimmerhalle.de\/index.php?rest_route=\/wp\/v2\/pages\/26"}],"wp:attachment":[{"href":"https:\/\/saaleschwimmerhalle.de\/index.php?rest_route=%2Fwp%2Fv2%2Fmedia&parent=81"}],"curies":[{"name":"wp","href":"https:\/\/api.w.org\/{rel}","templated":true}]}}