{"id":8170,"date":"2017-07-24T20:20:12","date_gmt":"2017-07-24T18:20:12","guid":{"rendered":"http:\/\/saaleschwimmerhalle.de\/?page_id=8170"},"modified":"2019-10-31T21:09:44","modified_gmt":"2019-10-31T20:09:44","slug":"saaleschwimmschein-laternenfest-2017","status":"publish","type":"page","link":"https:\/\/saaleschwimmerhalle.de\/?page_id=8170","title":{"rendered":"Der Saalestrand in Halle"},"content":{"rendered":"<p>Die Geschichte des Saalestrandes auf der Ziegelwiese:<\/p>\n<p>Der Saalestrand auf der Ziegelwiese wurde im Fr\u00fchjahr 2012 von den Saaleschwimmern geschaffen ! Mit der Zeit wurde der Saalestrand bei den Hallensern immer beliebter. Sogar die anliegenden Kinderg\u00e4rten nutzten den Badestrand. Es wurde jedes Jahr ca. 80-100 t Sand angefahren. \u00a0Weder Hochwasser noch Wasserqualit\u00e4t und andere Unw\u00e4gbarkeiten \u00a0konnten die Hallenser nicht vom Baden abhalten. Von der Stadt und vom Wasser-Stra\u00dfen-und Schifffahrtsamt wurde diese Badestelle geduldet und es wurde nichts reglementiert ! Das WSA hat in Absprache mit mir Bojen gesetzt zum Schutz der Badeg\u00e4ste. Im Jahr 2018 gibt es einen neuen Chef des WSA Merseburg ! Er machte der Stadt Halle einen Vorwurf, dass keine Verkehrssicherungspflicht vorhanden ist ! Darauf wurde ein Vertrag zwischen der Stadt Halle und dem WSA geschlossen ! Ergebnis unbekannt !!!\u00a0 Das Fazit ist ein Schild am Badestrand \u201eVom Baden in der Saale wird abgeraten \u201e . \u00c4u\u00dferst unverst\u00e4ndlich f\u00fcr uns ! Dass hei\u00dft, die Stadt will keine Verkehrssicherungspflicht \u00fcbernehmen.<\/p>\n<p>Als Anlage meine Vision zum Saalestrand ! Au\u00dferdem haben wir als Saaleschwimmer uns bereit erkl\u00e4rt die Rettungsschwimmer zu stellen. Kostenangebot an den OB von ca. 7000 \u20ac pro Jahr !<\/p>\n<p>Die Stadt Halle will keine Verantwortung \u00fcbernehmen und den Saalestrand \u00f6ffentlich zu machen ! Es sollte die Pr\u00fcfung der Wasserqualit\u00e4t 1x pro erfolgen. Andre St\u00e4dte machen es am Fluss vor !!!<\/p>\n<p>Gut nass hurra !<\/p>\n<div id=\"attachment_10679\" style=\"width: 570px\" class=\"wp-caption aligncenter\"><a href=\"https:\/\/saaleschwimmerhalle.de\/?attachment_id=10679\" rel=\"attachment wp-att-10679\"><img loading=\"lazy\" decoding=\"async\" aria-describedby=\"caption-attachment-10679\" class=\"wp-image-10679\" src=\"https:\/\/saaleschwimmerhalle.de\/wp-content\/uploads\/2019\/10\/Lageplan-Saale-Strand-2020-724x1024.jpg\" alt=\"\" width=\"560\" height=\"792\" srcset=\"https:\/\/saaleschwimmerhalle.de\/wp-content\/uploads\/2019\/10\/Lageplan-Saale-Strand-2020-724x1024.jpg 724w, https:\/\/saaleschwimmerhalle.de\/wp-content\/uploads\/2019\/10\/Lageplan-Saale-Strand-2020-71x100.jpg 71w, https:\/\/saaleschwimmerhalle.de\/wp-content\/uploads\/2019\/10\/Lageplan-Saale-Strand-2020-212x300.jpg 212w, https:\/\/saaleschwimmerhalle.de\/wp-content\/uploads\/2019\/10\/Lageplan-Saale-Strand-2020-768x1086.jpg 768w\" sizes=\"auto, (max-width: 560px) 100vw, 560px\" \/><\/a><p id=\"caption-attachment-10679\" class=\"wp-caption-text\">Visionen der Saaleschwimmer<\/p><\/div>\n<div id=\"attachment_10681\" style=\"width: 546px\" class=\"wp-caption aligncenter\"><a href=\"https:\/\/saaleschwimmerhalle.de\/?attachment_id=10681\" rel=\"attachment wp-att-10681\"><img loading=\"lazy\" decoding=\"async\" aria-describedby=\"caption-attachment-10681\" class=\"wp-image-10681\" src=\"https:\/\/saaleschwimmerhalle.de\/wp-content\/uploads\/2019\/10\/IMG_5586-1024x724.jpg\" alt=\"\" width=\"536\" height=\"379\" srcset=\"https:\/\/saaleschwimmerhalle.de\/wp-content\/uploads\/2019\/10\/IMG_5586-1024x724.jpg 1024w, https:\/\/saaleschwimmerhalle.de\/wp-content\/uploads\/2019\/10\/IMG_5586-100x71.jpg 100w, https:\/\/saaleschwimmerhalle.de\/wp-content\/uploads\/2019\/10\/IMG_5586-300x212.jpg 300w, https:\/\/saaleschwimmerhalle.de\/wp-content\/uploads\/2019\/10\/IMG_5586-768x543.jpg 768w\" sizes=\"auto, (max-width: 536px) 100vw, 536px\" \/><\/a><p id=\"caption-attachment-10681\" class=\"wp-caption-text\">So sollte es hei\u00dfen !<\/p><\/div>\n<p><a href=\"https:\/\/saaleschwimmerhalle.de\/?attachment_id=10680\" rel=\"attachment wp-att-10680\"><img loading=\"lazy\" decoding=\"async\" class=\"wp-image-10680  aligncenter\" src=\"https:\/\/saaleschwimmerhalle.de\/wp-content\/uploads\/2019\/10\/IMG_5582-e1572552093232-768x1024.jpg\" alt=\"\" width=\"550\" height=\"733\" srcset=\"https:\/\/saaleschwimmerhalle.de\/wp-content\/uploads\/2019\/10\/IMG_5582-e1572552093232-768x1024.jpg 768w, https:\/\/saaleschwimmerhalle.de\/wp-content\/uploads\/2019\/10\/IMG_5582-e1572552093232-75x100.jpg 75w, https:\/\/saaleschwimmerhalle.de\/wp-content\/uploads\/2019\/10\/IMG_5582-e1572552093232-225x300.jpg 225w, https:\/\/saaleschwimmerhalle.de\/wp-content\/uploads\/2019\/10\/IMG_5582-e1572552093232.jpg 1512w\" sizes=\"auto, (max-width: 550px) 100vw, 550px\" \/><\/a><a href=\"https:\/\/saaleschwimmerhalle.de\/?attachment_id=10682\" rel=\"attachment wp-att-10682\"><img loading=\"lazy\" decoding=\"async\" class=\"wp-image-10682 aligncenter\" src=\"https:\/\/saaleschwimmerhalle.de\/wp-content\/uploads\/2019\/10\/P1000735-1024x768.jpg\" alt=\"\" width=\"539\" height=\"404\" srcset=\"https:\/\/saaleschwimmerhalle.de\/wp-content\/uploads\/2019\/10\/P1000735-1024x768.jpg 1024w, https:\/\/saaleschwimmerhalle.de\/wp-content\/uploads\/2019\/10\/P1000735-100x75.jpg 100w, https:\/\/saaleschwimmerhalle.de\/wp-content\/uploads\/2019\/10\/P1000735-300x225.jpg 300w, https:\/\/saaleschwimmerhalle.de\/wp-content\/uploads\/2019\/10\/P1000735-768x576.jpg 768w\" sizes=\"auto, (max-width: 539px) 100vw, 539px\" \/><\/a><\/p>\n","protected":false},"excerpt":{"rendered":"<p>Die Geschichte des Saalestrandes auf der Ziegelwiese: Der Saalestrand auf der Ziegelwiese wurde im Fr\u00fchjahr 2012 von den Saaleschwimmern geschaffen ! Mit der Zeit wurde der Saalestrand bei den Hallensern immer beliebter. Sogar die anliegenden Kinderg\u00e4rten nutzten den Badestrand. Es wurde jedes Jahr ca. 80-100 t Sand angefahren. \u00a0Weder Hochwasser noch Wasserqualit\u00e4t und andere Unw\u00e4gbarkeiten [&hellip;]<\/p>\n","protected":false},"author":2,"featured_media":0,"parent":0,"menu_order":777,"comment_status":"closed","ping_status":"closed","template":"","meta":{"footnotes":""},"class_list":["post-8170","page","type-page","status-publish","hentry"],"_links":{"self":[{"href":"https:\/\/saaleschwimmerhalle.de\/index.php?rest_route=\/wp\/v2\/pages\/8170","targetHints":{"allow":["GET"]}}],"collection":[{"href":"https:\/\/saaleschwimmerhalle.de\/index.php?rest_route=\/wp\/v2\/pages"}],"about":[{"href":"https:\/\/saaleschwimmerhalle.de\/index.php?rest_route=\/wp\/v2\/types\/page"}],"author":[{"embeddable":true,"href":"https:\/\/saaleschwimmerhalle.de\/index.php?rest_route=\/wp\/v2\/users\/2"}],"replies":[{"embeddable":true,"href":"https:\/\/saaleschwimmerhalle.de\/index.php?rest_route=%2Fwp%2Fv2%2Fcomments&post=8170"}],"version-history":[{"count":0,"href":"https:\/\/saaleschwimmerhalle.de\/index.php?rest_route=\/wp\/v2\/pages\/8170\/revisions"}],"wp:attachment":[{"href":"https:\/\/saaleschwimmerhalle.de\/index.php?rest_route=%2Fwp%2Fv2%2Fmedia&parent=8170"}],"curies":[{"name":"wp","href":"https:\/\/api.w.org\/{rel}","templated":true}]}}